{"id":1470,"date":"2019-11-22T10:59:00","date_gmt":"2019-11-22T10:59:00","guid":{"rendered":"http:\/\/www.cesaeng.com\/home-cesa1\/"},"modified":"2023-12-20T21:05:17","modified_gmt":"2023-12-20T21:05:17","slug":"home-cesa1","status":"publish","type":"page","link":"https:\/\/cesaeng.com\/fr\/","title":{"rendered":"Accueil"},"content":{"rendered":"<p>[et_pb_section fb_built=\u00a0\u00bb1&Prime; fullwidth=\u00a0\u00bbon\u00a0\u00bb _builder_version=\u00a0\u00bb4.16&Prime; _module_preset=\u00a0\u00bbdefault\u00a0\u00bb da_disable_devices=\u00a0\u00bboff|off|off\u00a0\u00bb global_colors_info=\u00a0\u00bb{}\u00a0\u00bb da_is_popup=\u00a0\u00bboff\u00a0\u00bb da_exit_intent=\u00a0\u00bboff\u00a0\u00bb da_has_close=\u00a0\u00bbon\u00a0\u00bb da_alt_close=\u00a0\u00bboff\u00a0\u00bb da_dark_close=\u00a0\u00bboff\u00a0\u00bb da_not_modal=\u00a0\u00bbon\u00a0\u00bb da_is_singular=\u00a0\u00bboff\u00a0\u00bb da_with_loader=\u00a0\u00bboff\u00a0\u00bb da_has_shadow=\u00a0\u00bbon\u00a0\u00bb][et_pb_nextend_smart_slider_3_fullwidth slider=\u00a0\u00bb1&Prime; _builder_version=\u00a0\u00bb4.9.4&Prime; _module_preset=\u00a0\u00bbdefault\u00a0\u00bb global_colors_info=\u00a0\u00bb{}\u00a0\u00bb][\/et_pb_nextend_smart_slider_3_fullwidth][\/et_pb_section][et_pb_section fb_built=\u00a0\u00bb1&Prime; custom_padding_last_edited=\u00a0\u00bbon|desktop\u00a0\u00bb admin_label=\u00a0\u00bbHeader\u00a0\u00bb _builder_version=\u00a0\u00bb4.19.3&Prime; _module_preset=\u00a0\u00bbdefault\u00a0\u00bb background_enable_image=\u00a0\u00bboff\u00a0\u00bb background_position=\u00a0\u00bbtop_center\u00a0\u00bb width=\u00a0\u00bb100%\u00a0\u00bb custom_margin=\u00a0\u00bb||||false|false\u00a0\u00bb custom_margin_last_edited=\u00a0\u00bboff|tablet\u00a0\u00bb custom_padding=\u00a0\u00bb2px||0vw|0vw|false|false\u00a0\u00bb custom_padding_tablet=\u00a0\u00bb|10vw||10vw|false|true\u00a0\u00bb custom_padding_phone=\u00a0\u00bb\u00a0\u00bb da_disable_devices=\u00a0\u00bboff|off|off\u00a0\u00bb locked=\u00a0\u00bboff\u00a0\u00bb global_colors_info=\u00a0\u00bb{}\u00a0\u00bb da_is_popup=\u00a0\u00bboff\u00a0\u00bb da_exit_intent=\u00a0\u00bboff\u00a0\u00bb da_has_close=\u00a0\u00bbon\u00a0\u00bb da_alt_close=\u00a0\u00bboff\u00a0\u00bb da_dark_close=\u00a0\u00bboff\u00a0\u00bb da_not_modal=\u00a0\u00bbon\u00a0\u00bb da_is_singular=\u00a0\u00bboff\u00a0\u00bb da_with_loader=\u00a0\u00bboff\u00a0\u00bb da_has_shadow=\u00a0\u00bbon\u00a0\u00bb][et_pb_row use_custom_gutter=\u00a0\u00bbon\u00a0\u00bb gutter_width=\u00a0\u00bb1&Prime; _builder_version=\u00a0\u00bb4.17.3&Prime; _module_preset=\u00a0\u00bbdefault\u00a0\u00bb background_color=\u00a0\u00bbrgba(255,255,255,0.46)\u00a0\u00bb horizontal_offset=\u00a0\u00bb0px\u00a0\u00bb z_index=\u00a0\u00bb11&Prime; width=\u00a0\u00bb100%\u00a0\u00bb max_width=\u00a0\u00bb100%\u00a0\u00bb custom_padding=\u00a0\u00bb19px||6px|||\u00a0\u00bb global_colors_info=\u00a0\u00bb{}\u00a0\u00bb][et_pb_column type=\u00a0\u00bb4_4&Prime; _builder_version=\u00a0\u00bb4.16&Prime; _module_preset=\u00a0\u00bbdefault\u00a0\u00bb global_colors_info=\u00a0\u00bb{}\u00a0\u00bb][et_pb_text _builder_version=\u00a0\u00bb4.20.2&Prime; _module_preset=\u00a0\u00bbdefault\u00a0\u00bb text_font=\u00a0\u00bbRaleway|600||on|||||\u00a0\u00bb text_text_color=\u00a0\u00bb#001b56&Prime; text_font_size=\u00a0\u00bb24px\u00a0\u00bb text_letter_spacing=\u00a0\u00bb1.5px\u00a0\u00bb text_orientation=\u00a0\u00bbcenter\u00a0\u00bb background_layout=\u00a0\u00bblight\u00a0\u00bb custom_margin=\u00a0\u00bb-13px||||false|false\u00a0\u00bb custom_margin_tablet=\u00a0\u00bb-13px||||false|false\u00a0\u00bb custom_margin_phone=\u00a0\u00bb-5px||||false|false\u00a0\u00bb custom_margin_last_edited=\u00a0\u00bbon|phone\u00a0\u00bb text_font_size_tablet=\u00a0\u00bb27px\u00a0\u00bb text_font_size_phone=\u00a0\u00bb13px\u00a0\u00bb text_font_size_last_edited=\u00a0\u00bbon|phone\u00a0\u00bb global_colors_info=\u00a0\u00bb{}\u00a0\u00bb]<\/p>\n<p>INDEPENDENCE &#8211; WORLDWIDE EXPERTISE<\/p>\n<p>[\/et_pb_text][\/et_pb_column][\/et_pb_row][\/et_pb_section][et_pb_section fb_built=\u00a0\u00bb1&Prime; custom_padding_last_edited=\u00a0\u00bbon|phone\u00a0\u00bb _builder_version=\u00a0\u00bb4.16&Prime; custom_padding=\u00a0\u00bb36px|0px|0px|0px||\u00a0\u00bb custom_padding_tablet=\u00a0\u00bb0px||||false|false\u00a0\u00bb custom_padding_phone=\u00a0\u00bb0px|0px|0px|0px|false|false\u00a0\u00bb da_disable_devices=\u00a0\u00bboff|off|off\u00a0\u00bb global_colors_info=\u00a0\u00bb{}\u00a0\u00bb da_is_popup=\u00a0\u00bboff\u00a0\u00bb da_exit_intent=\u00a0\u00bboff\u00a0\u00bb da_has_close=\u00a0\u00bbon\u00a0\u00bb da_alt_close=\u00a0\u00bboff\u00a0\u00bb da_dark_close=\u00a0\u00bboff\u00a0\u00bb da_not_modal=\u00a0\u00bbon\u00a0\u00bb da_is_singular=\u00a0\u00bboff\u00a0\u00bb da_with_loader=\u00a0\u00bboff\u00a0\u00bb da_has_shadow=\u00a0\u00bbon\u00a0\u00bb][et_pb_row column_structure=\u00a0\u00bb3_5,2_5&Prime; make_equal=\u00a0\u00bbon\u00a0\u00bb _builder_version=\u00a0\u00bb4.23.1&Prime; width=\u00a0\u00bb100%\u00a0\u00bb max_width=\u00a0\u00bb100%\u00a0\u00bb custom_padding=\u00a0\u00bb0px|0px|0px|0px\u00a0\u00bb hover_enabled=\u00a0\u00bb0&Prime; use_custom_width=\u00a0\u00bbon\u00a0\u00bb width_unit=\u00a0\u00bboff\u00a0\u00bb custom_width_percent=\u00a0\u00bb100%\u00a0\u00bb global_colors_info=\u00a0\u00bb{}\u00a0\u00bb sticky_enabled=\u00a0\u00bb0&Prime;][et_pb_column type=\u00a0\u00bb3_5&Prime; _builder_version=\u00a0\u00bb4.23.1&Prime; custom_padding=\u00a0\u00bb100px|0px|100px|20%|false|false\u00a0\u00bb custom_padding_tablet=\u00a0\u00bb10px|30px|55px|30px|false|false\u00a0\u00bb custom_padding_phone=\u00a0\u00bb|35px|0px|35px|false|false\u00a0\u00bb custom_padding_last_edited=\u00a0\u00bbon|tablet\u00a0\u00bb hover_enabled=\u00a0\u00bb0&Prime; global_colors_info=\u00a0\u00bb{}\u00a0\u00bb custom_padding__hover=\u00a0\u00bb|||\u00a0\u00bb sticky_enabled=\u00a0\u00bb0&Prime;][et_pb_text content_tablet=\u00a0\u00bb<\/p>\n<h3 style=%22text-align: center;%22><b><span style=%22font-family: 'Open Sans',sans-serif; color: #606060;%22>VOTRE PARTENAIRE SUR L\u2019ENSEMBLE DES ETAPES DE REALISATIONS DE VOS PROJETS<\/span><\/b><\/h3>\n<p><b><span style=%22font-family: 'Open Sans',sans-serif; color: #606060;%22><\/span><\/b><\/p>\n<p><b><span style=%22font-family: 'Open Sans',sans-serif; color: #606060;%22><\/span><\/b><\/p>\n<h3>ING\u00c9NIEURS-CONSEILS CESA S.A.<\/h3>\n<p style=%22margin: 0cm; text-align: justify; background: white; vertical-align: baseline;%22><b><span style=%22font-family: 'Open Sans',sans-serif; color: #606060;%22><br \/><o:p><\/o:p><\/span><\/b><\/p>\n<p>\u00a0\u00bb content_phone=\u00a0\u00bb<\/p>\n<h3 style=%22text-align: center;%22><b><span style=%22font-family: 'Open Sans',sans-serif; color: #606060;%22>VOTRE PARTENAIRE SUR L\u2019ENSEMBLE DES ETAPES DE REALISATIONS DE VOS PROJETS<\/span><\/b><\/h3>\n<p><b><span style=%22font-family: 'Open Sans',sans-serif; color: #606060;%22><\/span><\/b><\/p>\n<p style=%22text-align: center;%22><b><span style=%22font-family: 'Open Sans',sans-serif; color: #606060;%22><\/span><\/b><\/p>\n<h3 style=%22text-align: center;%22>ING\u00c9NIEURS-CONSEILS CESA S.A.<\/h3>\n<p style=%22margin: 0cm; text-align: justify; background: white; vertical-align: baseline;%22><b><span style=%22font-family: 'Open Sans',sans-serif; color: #606060;%22><br \/><o:p><\/o:p><\/span><\/b><\/p>\n<p>\u00a0\u00bb content_last_edited=\u00a0\u00bbon|phone\u00a0\u00bb _builder_version=\u00a0\u00bb4.23.1&Prime; header_font=\u00a0\u00bb||||||||\u00a0\u00bb header_text_color=\u00a0\u00bb#00337f\u00a0\u00bb header_3_font=\u00a0\u00bb|600||on|||||\u00a0\u00bb header_3_text_color=\u00a0\u00bb#000000&Prime; header_3_font_size=\u00a0\u00bb26px\u00a0\u00bb header_3_letter_spacing=\u00a0\u00bb1.5px\u00a0\u00bb custom_margin=\u00a0\u00bb||20px|||\u00a0\u00bb custom_padding=\u00a0\u00bb0px||0px|||\u00a0\u00bb animation_style=\u00a0\u00bbslide\u00a0\u00bb animation_direction=\u00a0\u00bbleft\u00a0\u00bb header_3_font_tablet=\u00a0\u00bb\u00a0\u00bb header_3_font_phone=\u00a0\u00bb\u00a0\u00bb header_3_font_last_edited=\u00a0\u00bbon|desktop\u00a0\u00bb header_3_font_size_tablet=\u00a0\u00bb\u00a0\u00bb header_3_font_size_phone=\u00a0\u00bb17px\u00a0\u00bb header_3_font_size_last_edited=\u00a0\u00bbon|phone\u00a0\u00bb global_colors_info=\u00a0\u00bb{}\u00a0\u00bb]<\/p>\n<h3 style=\"text-align: center;\"><b><span style=\"font-family: 'Open Sans',sans-serif; color: #606060;\">VOTRE PARTENAIRE SUR L\u2019ENSEMBLE DES ETAPES DE REALISATIONS DE VOS PROJETS<\/span><\/b><\/h3>\n<p><b><span style=\"font-family: 'Open Sans',sans-serif; color: #606060;\"><\/span><\/b><\/p>\n<p><b><span style=\"font-family: 'Open Sans',sans-serif; color: #606060;\"><\/span><\/b><\/p>\n<h3>ING\u00c9NIEURS-CONSEILS CESA S.A.<\/h3>\n<p style=\"margin: 0cm; text-align: justify; background: white; vertical-align: baseline;\"><b><span style=\"font-family: 'Open Sans',sans-serif; color: #606060;\"><br \/><o:p><\/o:p><\/span><\/b><\/p>\n<p>[\/et_pb_text][et_pb_text _builder_version=\u00a0\u00bb4.19.3&Prime; text_text_color=\u00a0\u00bbgcid-16aa0501-eca9-41c9-bb3a-0c6e283a66cc\u00a0\u00bb width=\u00a0\u00bb100%\u00a0\u00bb custom_margin=\u00a0\u00bb||96px||false|false\u00a0\u00bb custom_padding=\u00a0\u00bb||0px|0px||\u00a0\u00bb animation_style=\u00a0\u00bbslide\u00a0\u00bb animation_direction=\u00a0\u00bbleft\u00a0\u00bb text_line_height_tablet=\u00a0\u00bb\u00a0\u00bb text_line_height_phone=\u00a0\u00bb1.5em\u00a0\u00bb text_line_height_last_edited=\u00a0\u00bbon|phone\u00a0\u00bb global_colors_info=\u00a0\u00bb{%22gcid-16aa0501-eca9-41c9-bb3a-0c6e283a66cc%22:%91%22text_text_color%22%93}\u00a0\u00bb]<\/p>\n<p style=\"text-align: justify;\">CESA a \u00e9t\u00e9 cr\u00e9\u00e9 en 2005 \u00e0 Gen\u00e8ve, en Suisse, par J. P. Stoffels, dipl\u00f4m\u00e9 de l\u2019Institut F\u00e9d\u00e9ral Suisse de Technologie. L\u2019expertise de CESA s\u2019appuie sur des d\u00e9cennies d\u2019exp\u00e9riences internationales de ses collaborateurs permanents dans les domaines du ciment, des mines et des mat\u00e9riaux de construction.<\/p>\n<p style=\"margin: 0cm; text-align: justify; background: white; vertical-align: baseline;\"><span style=\"font-family: 'Open Sans',sans-serif; color: #606060;\">La soci\u00e9t\u00e9 est compos\u00e9e d\u2019ing\u00e9nieurs exp\u00e9riment\u00e9s sp\u00e9cialis\u00e9s dans les domaines suivants :<o:p><\/o:p><\/span><\/p>\n<p style=\"margin: 0cm; text-align: justify; background: white; vertical-align: baseline;\"><span style=\"font-family: 'Open Sans',sans-serif; color: #606060;\"><\/span><\/p>\n<ul>\n<li style=\"text-align: justify; background: white; vertical-align: baseline;\"><span style=\"font-family: 'Open Sans',sans-serif; color: #606060;\">G\u00e9ologie<o:p><\/o:p><\/span><\/li>\n<li style=\"text-align: justify; background: white; vertical-align: baseline;\"><span style=\"font-family: 'Open Sans',sans-serif; color: #606060;\">Proc\u00e9d\u00e9 &#8211; M\u00e9canique<o:p><\/o:p><\/span><\/li>\n<li style=\"text-align: justify; background: white; vertical-align: baseline;\"><span style=\"font-family: 'Open Sans',sans-serif; color: #606060;\">\u00c9lectricit\u00e9 &amp; Contr\u00f4le-Commande<o:p><\/o:p><\/span><\/li>\n<li style=\"text-align: justify; background: white; vertical-align: baseline;\"><span style=\"font-family: 'Open Sans',sans-serif; color: #606060;\">G\u00e9nie-Civil &amp; Charpentes M\u00e9talliques<o:p><\/o:p><\/span><\/li>\n<li style=\"text-align: justify; background: white; vertical-align: baseline;\"><span style=\"font-family: 'Open Sans',sans-serif; color: #606060;\">Environnement &#8211; Combustibles alternatifs &#8211; R\u00e9cup\u00e9ration de chaleur<o:p><\/o:p><\/span><\/li>\n<\/ul>\n<p style=\"margin: 0cm; text-align: justify; background: white; vertical-align: baseline;\"><span style=\"font-family: 'Open Sans',sans-serif; color: #606060;\"><\/span><\/p>\n<p style=\"margin: 0cm; text-align: justify; background: white; vertical-align: baseline;\"><span style=\"font-family: 'Open Sans',sans-serif; color: #606060;\">CESA est votre partenaire sur l\u2019ensemble des \u00e9tapes de r\u00e9alisation des projets depuis l\u2019\u00e9tude de faisabilit\u00e9 jusqu\u2019\u00e0 la mise en service, les r\u00e9ceptions provisoire et d\u00e9finitive, et l\u2019assistance \u00e0 l\u2019exploitation. De par son ind\u00e9pendance vis-\u00e0-vis des fournisseurs, CESA assure de d\u00e9fendre exclusivement l\u2019int\u00e9r\u00eat de ses clients.<o:p><\/o:p><\/span><\/p>\n<p>[\/et_pb_text][et_pb_image src=\u00a0\u00bbhttps:\/\/cesaeng.com\/wp-content\/uploads\/2022\/06\/IMG_20210526_180841-copia.jpg\u00a0\u00bb disabled_on=\u00a0\u00bboff|on|on\u00a0\u00bb _builder_version=\u00a0\u00bb4.23.1&Prime; _module_preset=\u00a0\u00bbdefault\u00a0\u00bb global_colors_info=\u00a0\u00bb{}\u00a0\u00bb][\/et_pb_image][\/et_pb_column][et_pb_column type=\u00a0\u00bb2_5&Prime; _builder_version=\u00a0\u00bb4.23.1&Prime; background_color=\u00a0\u00bbRGBA(255,255,255,0)\u00a0\u00bb background_image=\u00a0\u00bbhttps:\/\/www.cesaeng.com\/wp-content\/uploads\/2022\/06\/2010_08_12-048Grue_a.jpg\u00a0\u00bb background_blend=\u00a0\u00bbluminosity\u00a0\u00bb custom_padding=\u00a0\u00bb|||\u00a0\u00bb background_last_edited=\u00a0\u00bbon|phone\u00a0\u00bb background_enable_image_phone=\u00a0\u00bboff\u00a0\u00bb global_colors_info=\u00a0\u00bb{}\u00a0\u00bb custom_padding__hover=\u00a0\u00bb|||\u00a0\u00bb][\/et_pb_column][\/et_pb_row][\/et_pb_section][et_pb_section fb_built=\u00a0\u00bb1&Prime; disabled_on=\u00a0\u00bbon|off|off\u00a0\u00bb _builder_version=\u00a0\u00bb4.23.1&Prime; custom_margin=\u00a0\u00bb||55px|||\u00a0\u00bb custom_margin_tablet=\u00a0\u00bb\u00a0\u00bb custom_margin_phone=\u00a0\u00bb-164px||||false|false\u00a0\u00bb custom_margin_last_edited=\u00a0\u00bbon|phone\u00a0\u00bb custom_padding=\u00a0\u00bb0px|0px|0px|0px\u00a0\u00bb da_disable_devices=\u00a0\u00bboff|off|off\u00a0\u00bb global_colors_info=\u00a0\u00bb{}\u00a0\u00bb da_is_popup=\u00a0\u00bboff\u00a0\u00bb da_exit_intent=\u00a0\u00bboff\u00a0\u00bb da_has_close=\u00a0\u00bbon\u00a0\u00bb da_alt_close=\u00a0\u00bboff\u00a0\u00bb da_dark_close=\u00a0\u00bboff\u00a0\u00bb da_not_modal=\u00a0\u00bbon\u00a0\u00bb da_is_singular=\u00a0\u00bboff\u00a0\u00bb da_with_loader=\u00a0\u00bboff\u00a0\u00bb da_has_shadow=\u00a0\u00bbon\u00a0\u00bb][et_pb_row column_structure=\u00a0\u00bb2_5,3_5&Prime; disabled_on=\u00a0\u00bboff|off|off\u00a0\u00bb _builder_version=\u00a0\u00bb4.19.3&Prime; use_background_color_gradient=\u00a0\u00bbon\u00a0\u00bb background_color_gradient_direction=\u00a0\u00bb109deg\u00a0\u00bb background_color_gradient_stops=\u00a0\u00bbrgba(255,255,255,0) 1%|rgba(255,255,255,0) 14%|#023684 100%\u00a0\u00bb background_color_gradient_overlays_image=\u00a0\u00bbon\u00a0\u00bb background_image=\u00a0\u00bbhttp:\/\/www.cesaeng.com\/wp-content\/uploads\/2022\/06\/IMG_20210526_180841-copia.jpg\u00a0\u00bb width=\u00a0\u00bb74%\u00a0\u00bb max_width=\u00a0\u00bb1125px\u00a0\u00bb height=\u00a0\u00bb659px\u00a0\u00bb max_height=\u00a0\u00bb1000px\u00a0\u00bb custom_margin=\u00a0\u00bb-100px|||\u00a0\u00bb custom_margin_tablet=\u00a0\u00bb50px|||\u00a0\u00bb custom_margin_phone=\u00a0\u00bb52px||||false|false\u00a0\u00bb custom_margin_last_edited=\u00a0\u00bbon|phone\u00a0\u00bb custom_padding=\u00a0\u00bb||0px|\u00a0\u00bb animation_style=\u00a0\u00bbslide\u00a0\u00bb animation_direction=\u00a0\u00bbbottom\u00a0\u00bb background_last_edited=\u00a0\u00bbon|phone\u00a0\u00bb background_enable_image_phone=\u00a0\u00bboff\u00a0\u00bb background_size_phone=\u00a0\u00bbcover\u00a0\u00bb background_position_phone=\u00a0\u00bbcenter\u00a0\u00bb custom_css_main_element=\u00a0\u00bbz-index:999;\u00a0\u00bb box_shadow_style=\u00a0\u00bbpreset1&Prime; global_colors_info=\u00a0\u00bb{}\u00a0\u00bb][et_pb_column type=\u00a0\u00bb2_5&Prime; _builder_version=\u00a0\u00bb4.16&Prime; custom_padding=\u00a0\u00bb|||\u00a0\u00bb global_colors_info=\u00a0\u00bb{}\u00a0\u00bb custom_padding__hover=\u00a0\u00bb|||\u00a0\u00bb][\/et_pb_column][et_pb_column type=\u00a0\u00bb3_5&Prime; _builder_version=\u00a0\u00bb4.16&Prime; custom_padding=\u00a0\u00bb|||\u00a0\u00bb global_colors_info=\u00a0\u00bb{}\u00a0\u00bb custom_padding__hover=\u00a0\u00bb|||\u00a0\u00bb][\/et_pb_column][\/et_pb_row][\/et_pb_section][et_pb_section fb_built=\u00a0\u00bb1&Prime; custom_padding_last_edited=\u00a0\u00bbon|phone\u00a0\u00bb _builder_version=\u00a0\u00bb4.23.1&Prime; background_color=\u00a0\u00bb#ffffff\u00a0\u00bb background_enable_image=\u00a0\u00bboff\u00a0\u00bb custom_margin=\u00a0\u00bb|||\u00a0\u00bb custom_padding=\u00a0\u00bb29px|0px|19px|0px||\u00a0\u00bb custom_padding_tablet=\u00a0\u00bb\u00a0\u00bb custom_padding_phone=\u00a0\u00bb|||\u00a0\u00bb background_last_edited=\u00a0\u00bbon|desktop\u00a0\u00bb background_enable_image_tablet=\u00a0\u00bboff\u00a0\u00bb da_disable_devices=\u00a0\u00bboff|off|off\u00a0\u00bb global_colors_info=\u00a0\u00bb{}\u00a0\u00bb da_is_popup=\u00a0\u00bboff\u00a0\u00bb da_exit_intent=\u00a0\u00bboff\u00a0\u00bb da_has_close=\u00a0\u00bbon\u00a0\u00bb da_alt_close=\u00a0\u00bboff\u00a0\u00bb da_dark_close=\u00a0\u00bboff\u00a0\u00bb da_not_modal=\u00a0\u00bbon\u00a0\u00bb da_is_singular=\u00a0\u00bboff\u00a0\u00bb da_with_loader=\u00a0\u00bboff\u00a0\u00bb da_has_shadow=\u00a0\u00bbon\u00a0\u00bb][\/et_pb_section][et_pb_section fb_built=\u00a0\u00bb1&Prime; _builder_version=\u00a0\u00bb4.16&Prime; custom_padding=\u00a0\u00bb3px|0px|1px|0px||\u00a0\u00bb animation_style=\u00a0\u00bbslide\u00a0\u00bb da_disable_devices=\u00a0\u00bboff|off|off\u00a0\u00bb box_shadow_style=\u00a0\u00bbpreset3&Prime; global_colors_info=\u00a0\u00bb{}\u00a0\u00bb da_is_popup=\u00a0\u00bboff\u00a0\u00bb da_exit_intent=\u00a0\u00bboff\u00a0\u00bb da_has_close=\u00a0\u00bbon\u00a0\u00bb da_alt_close=\u00a0\u00bboff\u00a0\u00bb da_dark_close=\u00a0\u00bboff\u00a0\u00bb da_not_modal=\u00a0\u00bbon\u00a0\u00bb da_is_singular=\u00a0\u00bboff\u00a0\u00bb da_with_loader=\u00a0\u00bboff\u00a0\u00bb da_has_shadow=\u00a0\u00bbon\u00a0\u00bb][\/et_pb_section]<\/p>\n","protected":false},"excerpt":{"rendered":"<p>INDEPENDENCE &#8211; WORLDWIDE EXPERTISEVOTRE PARTENAIRE SUR L\u2019ENSEMBLE DES ETAPES DE REALISATIONS DE VOS PROJETS ING\u00c9NIEURS-CONSEILS CESA S.A. CESA a \u00e9t\u00e9 cr\u00e9\u00e9 en 2005 \u00e0 Gen\u00e8ve, en Suisse, par J. P. Stoffels, dipl\u00f4m\u00e9 de l\u2019Institut F\u00e9d\u00e9ral Suisse de Technologie. L\u2019expertise de CESA s\u2019appuie sur des d\u00e9cennies d\u2019exp\u00e9riences internationales de ses collaborateurs permanents dans les domaines du [&hellip;]<\/p>\n","protected":false},"author":1,"featured_media":0,"parent":0,"menu_order":0,"comment_status":"closed","ping_status":"closed","template":"","meta":{"_et_pb_use_builder":"on","_et_pb_old_content":"","_et_gb_content_width":"","footnotes":""},"_links":{"self":[{"href":"https:\/\/cesaeng.com\/fr\/wp-json\/wp\/v2\/pages\/1470"}],"collection":[{"href":"https:\/\/cesaeng.com\/fr\/wp-json\/wp\/v2\/pages"}],"about":[{"href":"https:\/\/cesaeng.com\/fr\/wp-json\/wp\/v2\/types\/page"}],"author":[{"embeddable":true,"href":"https:\/\/cesaeng.com\/fr\/wp-json\/wp\/v2\/users\/1"}],"replies":[{"embeddable":true,"href":"https:\/\/cesaeng.com\/fr\/wp-json\/wp\/v2\/comments?post=1470"}],"version-history":[{"count":90,"href":"https:\/\/cesaeng.com\/fr\/wp-json\/wp\/v2\/pages\/1470\/revisions"}],"predecessor-version":[{"id":2754,"href":"https:\/\/cesaeng.com\/fr\/wp-json\/wp\/v2\/pages\/1470\/revisions\/2754"}],"wp:attachment":[{"href":"https:\/\/cesaeng.com\/fr\/wp-json\/wp\/v2\/media?parent=1470"}],"curies":[{"name":"wp","href":"https:\/\/api.w.org\/{rel}","templated":true}]}}