{"id":1485,"date":"2022-06-30T16:15:33","date_gmt":"2022-06-30T16:15:33","guid":{"rendered":"http:\/\/www.cesaeng.com\/prestations\/ingenierie\/"},"modified":"2024-10-14T09:14:35","modified_gmt":"2024-10-14T09:14:35","slug":"etudes-dexecution","status":"publish","type":"page","link":"https:\/\/cesaeng.com\/fr\/prestations\/etudes-dexecution\/","title":{"rendered":"Etudes d\u2019ex\u00e9cution"},"content":{"rendered":"<p>[et_pb_section fb_built=\u00a0\u00bb1&Prime; custom_padding_last_edited=\u00a0\u00bbon|tablet\u00a0\u00bb admin_label=\u00a0\u00bbHeader\u00a0\u00bb _builder_version=\u00a0\u00bb4.20.2&Prime; _module_preset=\u00a0\u00bbdefault\u00a0\u00bb use_background_color_gradient=\u00a0\u00bbon\u00a0\u00bb background_color_gradient_type=\u00a0\u00bbelliptical\u00a0\u00bb background_color_gradient_direction_radial=\u00a0\u00bbbottom\u00a0\u00bb background_color_gradient_stops=\u00a0\u00bbrgba(255,255,255,0) 37%|rgba(96,141,224,0.65) 85%|rgba(0,27,86,0.7) 99%\u00a0\u00bb background_color_gradient_overlays_image=\u00a0\u00bbon\u00a0\u00bb background_color_gradient_start=\u00a0\u00bb#001b56&Prime; background_color_gradient_start_position=\u00a0\u00bb25%\u00a0\u00bb background_color_gradient_end=\u00a0\u00bbrgba(92,126,188,0.32)\u00a0\u00bb background_image=\u00a0\u00bbhttps:\/\/www.cesaeng.com\/wp-content\/uploads\/2023\/08\/531_Filtres-scaled-e1693397042212.jpg\u00a0\u00bb background_position=\u00a0\u00bbtop_center\u00a0\u00bb width=\u00a0\u00bb100%\u00a0\u00bb custom_margin=\u00a0\u00bb||||false|false\u00a0\u00bb custom_margin_last_edited=\u00a0\u00bboff|tablet\u00a0\u00bb custom_padding=\u00a0\u00bb2px||0vw|0vw|false|false\u00a0\u00bb custom_padding_tablet=\u00a0\u00bb|10vw||10vw|false|true\u00a0\u00bb custom_padding_phone=\u00a0\u00bb\u00a0\u00bb da_disable_devices=\u00a0\u00bboff|off|off\u00a0\u00bb locked=\u00a0\u00bboff\u00a0\u00bb global_colors_info=\u00a0\u00bb{}\u00a0\u00bb da_is_popup=\u00a0\u00bboff\u00a0\u00bb da_exit_intent=\u00a0\u00bboff\u00a0\u00bb da_has_close=\u00a0\u00bbon\u00a0\u00bb da_alt_close=\u00a0\u00bboff\u00a0\u00bb da_dark_close=\u00a0\u00bboff\u00a0\u00bb da_not_modal=\u00a0\u00bbon\u00a0\u00bb da_is_singular=\u00a0\u00bboff\u00a0\u00bb da_with_loader=\u00a0\u00bboff\u00a0\u00bb da_has_shadow=\u00a0\u00bbon\u00a0\u00bb][et_pb_row use_custom_gutter=\u00a0\u00bbon\u00a0\u00bb gutter_width=\u00a0\u00bb1&Prime; _builder_version=\u00a0\u00bb4.20.2&Prime; _module_preset=\u00a0\u00bbdefault\u00a0\u00bb background_enable_color=\u00a0\u00bboff\u00a0\u00bb horizontal_offset=\u00a0\u00bb0px\u00a0\u00bb z_index=\u00a0\u00bb11&Prime; width=\u00a0\u00bb100%\u00a0\u00bb max_width=\u00a0\u00bb100%\u00a0\u00bb custom_margin=\u00a0\u00bb||17vw||false|false\u00a0\u00bb custom_padding=\u00a0\u00bb6px||6px|||\u00a0\u00bb global_colors_info=\u00a0\u00bb{}\u00a0\u00bb][et_pb_column type=\u00a0\u00bb4_4&Prime; _builder_version=\u00a0\u00bb4.16&Prime; _module_preset=\u00a0\u00bbdefault\u00a0\u00bb global_colors_info=\u00a0\u00bb{}\u00a0\u00bb][\/et_pb_column][\/et_pb_row][et_pb_row use_custom_gutter=\u00a0\u00bbon\u00a0\u00bb gutter_width=\u00a0\u00bb1&Prime; _builder_version=\u00a0\u00bb4.20.2&Prime; _module_preset=\u00a0\u00bbdefault\u00a0\u00bb background_enable_color=\u00a0\u00bboff\u00a0\u00bb horizontal_offset=\u00a0\u00bb0px\u00a0\u00bb z_index=\u00a0\u00bb11&Prime; width=\u00a0\u00bb100%\u00a0\u00bb max_width=\u00a0\u00bb100%\u00a0\u00bb custom_padding=\u00a0\u00bb6px||6px|||\u00a0\u00bb global_colors_info=\u00a0\u00bb{}\u00a0\u00bb][et_pb_column type=\u00a0\u00bb4_4&Prime; _builder_version=\u00a0\u00bb4.16&Prime; _module_preset=\u00a0\u00bbdefault\u00a0\u00bb global_colors_info=\u00a0\u00bb{}\u00a0\u00bb][\/et_pb_column][\/et_pb_row][\/et_pb_section][et_pb_section fb_built=\u00a0\u00bb1&Prime; custom_padding_last_edited=\u00a0\u00bbon|desktop\u00a0\u00bb admin_label=\u00a0\u00bbHeader\u00a0\u00bb _builder_version=\u00a0\u00bb4.19.3&Prime; _module_preset=\u00a0\u00bbdefault\u00a0\u00bb background_enable_image=\u00a0\u00bboff\u00a0\u00bb background_position=\u00a0\u00bbtop_center\u00a0\u00bb width=\u00a0\u00bb100%\u00a0\u00bb custom_margin=\u00a0\u00bb||||false|false\u00a0\u00bb custom_margin_last_edited=\u00a0\u00bboff|tablet\u00a0\u00bb custom_padding=\u00a0\u00bb2px||0vw|0vw|false|false\u00a0\u00bb custom_padding_tablet=\u00a0\u00bb|10vw||10vw|false|true\u00a0\u00bb custom_padding_phone=\u00a0\u00bb\u00a0\u00bb da_disable_devices=\u00a0\u00bboff|off|off\u00a0\u00bb locked=\u00a0\u00bboff\u00a0\u00bb global_colors_info=\u00a0\u00bb{}\u00a0\u00bb da_is_popup=\u00a0\u00bboff\u00a0\u00bb da_exit_intent=\u00a0\u00bboff\u00a0\u00bb da_has_close=\u00a0\u00bbon\u00a0\u00bb da_alt_close=\u00a0\u00bboff\u00a0\u00bb da_dark_close=\u00a0\u00bboff\u00a0\u00bb da_not_modal=\u00a0\u00bbon\u00a0\u00bb da_is_singular=\u00a0\u00bboff\u00a0\u00bb da_with_loader=\u00a0\u00bboff\u00a0\u00bb da_has_shadow=\u00a0\u00bbon\u00a0\u00bb][et_pb_row use_custom_gutter=\u00a0\u00bbon\u00a0\u00bb gutter_width=\u00a0\u00bb1&Prime; _builder_version=\u00a0\u00bb4.17.3&Prime; _module_preset=\u00a0\u00bbdefault\u00a0\u00bb background_color=\u00a0\u00bbrgba(255,255,255,0.46)\u00a0\u00bb horizontal_offset=\u00a0\u00bb0px\u00a0\u00bb z_index=\u00a0\u00bb11&Prime; width=\u00a0\u00bb100%\u00a0\u00bb max_width=\u00a0\u00bb100%\u00a0\u00bb custom_padding=\u00a0\u00bb19px||6px|||\u00a0\u00bb global_colors_info=\u00a0\u00bb{}\u00a0\u00bb][et_pb_column type=\u00a0\u00bb4_4&Prime; _builder_version=\u00a0\u00bb4.16&Prime; _module_preset=\u00a0\u00bbdefault\u00a0\u00bb global_colors_info=\u00a0\u00bb{}\u00a0\u00bb][et_pb_text _builder_version=\u00a0\u00bb4.23.1&Prime; _module_preset=\u00a0\u00bbdefault\u00a0\u00bb text_font=\u00a0\u00bbRaleway|600||on|||||\u00a0\u00bb text_text_color=\u00a0\u00bb#001b56&Prime; text_font_size=\u00a0\u00bb24px\u00a0\u00bb text_letter_spacing=\u00a0\u00bb1.5px\u00a0\u00bb text_orientation=\u00a0\u00bbcenter\u00a0\u00bb background_layout=\u00a0\u00bblight\u00a0\u00bb custom_margin=\u00a0\u00bb-13px||||false|false\u00a0\u00bb custom_margin_tablet=\u00a0\u00bb-13px||||false|false\u00a0\u00bb custom_margin_phone=\u00a0\u00bb-5px||||false|false\u00a0\u00bb custom_margin_last_edited=\u00a0\u00bbon|phone\u00a0\u00bb text_font_size_tablet=\u00a0\u00bb27px\u00a0\u00bb text_font_size_phone=\u00a0\u00bb13px\u00a0\u00bb text_font_size_last_edited=\u00a0\u00bbon|phone\u00a0\u00bb global_colors_info=\u00a0\u00bb{}\u00a0\u00bb]<\/p>\n<p>INDEPENDENCE &#8211; WORLDWIDE EXPERTISE<\/p>\n<p>[\/et_pb_text][et_pb_text _builder_version=\u00a0\u00bb4.23.1&Prime; _module_preset=\u00a0\u00bbdefault\u00a0\u00bb text_font=\u00a0\u00bbRaleway|||on|||||\u00a0\u00bb text_text_color=\u00a0\u00bb#001b56&Prime; text_font_size=\u00a0\u00bb38px\u00a0\u00bb text_letter_spacing=\u00a0\u00bb1.5px\u00a0\u00bb header_font_size=\u00a0\u00bb74px\u00a0\u00bb header_3_text_color=\u00a0\u00bb#2c449e\u00a0\u00bb header_3_font_size=\u00a0\u00bb35px\u00a0\u00bb header_3_line_height=\u00a0\u00bb1.8em\u00a0\u00bb text_orientation=\u00a0\u00bbcenter\u00a0\u00bb background_layout=\u00a0\u00bblight\u00a0\u00bb text_font_size_tablet=\u00a0\u00bb27px\u00a0\u00bb text_font_size_phone=\u00a0\u00bb18px\u00a0\u00bb text_font_size_last_edited=\u00a0\u00bbon|phone\u00a0\u00bb global_colors_info=\u00a0\u00bb{}\u00a0\u00bb]<\/p>\n<h3><strong>Etudes d\u2019ex\u00e9cution<\/strong><\/h3>\n<p>[\/et_pb_text][\/et_pb_column][\/et_pb_row][\/et_pb_section][et_pb_section fb_built=\u00a0\u00bb1&Prime; _builder_version=\u00a0\u00bb4.17.3&Prime; _module_preset=\u00a0\u00bbdefault\u00a0\u00bb custom_padding=\u00a0\u00bb2px||6px|||\u00a0\u00bb da_disable_devices=\u00a0\u00bboff|off|off\u00a0\u00bb global_colors_info=\u00a0\u00bb{}\u00a0\u00bb da_is_popup=\u00a0\u00bboff\u00a0\u00bb da_exit_intent=\u00a0\u00bboff\u00a0\u00bb da_has_close=\u00a0\u00bbon\u00a0\u00bb da_alt_close=\u00a0\u00bboff\u00a0\u00bb da_dark_close=\u00a0\u00bboff\u00a0\u00bb da_not_modal=\u00a0\u00bbon\u00a0\u00bb da_is_singular=\u00a0\u00bboff\u00a0\u00bb da_with_loader=\u00a0\u00bboff\u00a0\u00bb da_has_shadow=\u00a0\u00bbon\u00a0\u00bb][et_pb_row _builder_version=\u00a0\u00bb4.17.3&Prime; _module_preset=\u00a0\u00bbdefault\u00a0\u00bb custom_padding=\u00a0\u00bb27px|||||\u00a0\u00bb global_colors_info=\u00a0\u00bb{}\u00a0\u00bb][et_pb_column type=\u00a0\u00bb4_4&Prime; _builder_version=\u00a0\u00bb4.17.3&Prime; _module_preset=\u00a0\u00bbdefault\u00a0\u00bb global_colors_info=\u00a0\u00bb{}\u00a0\u00bb][et_pb_text _builder_version=\u00a0\u00bb4.23.1&Prime; _module_preset=\u00a0\u00bbdefault\u00a0\u00bb text_text_color=\u00a0\u00bbgcid-16aa0501-eca9-41c9-bb3a-0c6e283a66cc\u00a0\u00bb text_font_size=\u00a0\u00bb18px\u00a0\u00bb header_3_font=\u00a0\u00bb|600|||||||\u00a0\u00bb header_3_text_color=\u00a0\u00bb#333333&Prime; header_3_font_size=\u00a0\u00bb26px\u00a0\u00bb custom_padding=\u00a0\u00bb||1px|||\u00a0\u00bb global_colors_info=\u00a0\u00bb{%22gcid-16aa0501-eca9-41c9-bb3a-0c6e283a66cc%22:%91%22text_text_color%22%93}\u00a0\u00bb]<span>CESA est sp\u00e9cialis\u00e9 dans la conception, la construction et la direction des projets d\u2019unit\u00e9s pour l\u2019industrie des mat\u00e9riaux de construction, et tout particuli\u00e8rement de cimenteries. Cela comprend entre autre les \u00e9tudes, le planning, les inspections en usines, la coordination et la direction de la construction, et la mise en route des installations.<\/span>[\/et_pb_text][\/et_pb_column][\/et_pb_row][\/et_pb_section][et_pb_section fb_built=\u00a0\u00bb1&Prime; custom_padding_last_edited=\u00a0\u00bbon|phone\u00a0\u00bb _builder_version=\u00a0\u00bb4.16&Prime; background_color=\u00a0\u00bb#ffffff\u00a0\u00bb custom_margin=\u00a0\u00bb|||\u00a0\u00bb custom_padding=\u00a0\u00bb8px|0px|65px|0px||\u00a0\u00bb custom_padding_tablet=\u00a0\u00bb\u00a0\u00bb custom_padding_phone=\u00a0\u00bb|||\u00a0\u00bb da_disable_devices=\u00a0\u00bboff|off|off\u00a0\u00bb global_colors_info=\u00a0\u00bb{}\u00a0\u00bb da_is_popup=\u00a0\u00bboff\u00a0\u00bb da_exit_intent=\u00a0\u00bboff\u00a0\u00bb da_has_close=\u00a0\u00bbon\u00a0\u00bb da_alt_close=\u00a0\u00bboff\u00a0\u00bb da_dark_close=\u00a0\u00bboff\u00a0\u00bb da_not_modal=\u00a0\u00bbon\u00a0\u00bb da_is_singular=\u00a0\u00bboff\u00a0\u00bb da_with_loader=\u00a0\u00bboff\u00a0\u00bb da_has_shadow=\u00a0\u00bbon\u00a0\u00bb][et_pb_row column_structure=\u00a0\u00bb1_2,1_2&Prime; _builder_version=\u00a0\u00bb4.17.3&Prime; _module_preset=\u00a0\u00bbdefault\u00a0\u00bb custom_padding=\u00a0\u00bb||55px|||\u00a0\u00bb global_colors_info=\u00a0\u00bb{}\u00a0\u00bb][et_pb_column type=\u00a0\u00bb1_2&Prime; _builder_version=\u00a0\u00bb4.17.3&Prime; _module_preset=\u00a0\u00bbdefault\u00a0\u00bb global_colors_info=\u00a0\u00bb{}\u00a0\u00bb][et_pb_text _builder_version=\u00a0\u00bb4.23.1&Prime; _module_preset=\u00a0\u00bbdefault\u00a0\u00bb text_text_color=\u00a0\u00bbgcid-16aa0501-eca9-41c9-bb3a-0c6e283a66cc\u00a0\u00bb text_font_size=\u00a0\u00bb18px\u00a0\u00bb header_3_font=\u00a0\u00bb|600|||||||\u00a0\u00bb header_3_text_color=\u00a0\u00bb#000000&Prime; header_3_font_size=\u00a0\u00bb26px\u00a0\u00bb global_colors_info=\u00a0\u00bb{%22gcid-16aa0501-eca9-41c9-bb3a-0c6e283a66cc%22:%91%22text_text_color%22%93}\u00a0\u00bb]<\/p>\n<h3>Ing\u00e9nierie m\u00e9canique et process<\/h3>\n<ul>\n<li>Concassage, broyage cru, cuisson, broyage ciment, ensachage et exp\u00e9dition<\/li>\n<li>\u00c9quipements sp\u00e9cifiques: filtration, transport, stockage, dosage, etc.<\/li>\n<li>R\u00e9cup\u00e9ration de chaleur<\/li>\n<li>Combustibles alternatifs<\/li>\n<li>R\u00e9duction du CO2 et autres gaz \u00e0 effet de serre<\/li>\n<li>Utilisation optimale des ajouts au ciment<\/li>\n<\/ul>\n<p>[\/et_pb_text][\/et_pb_column][et_pb_column type=\u00a0\u00bb1_2&Prime; _builder_version=\u00a0\u00bb4.17.3&Prime; _module_preset=\u00a0\u00bbdefault\u00a0\u00bb global_colors_info=\u00a0\u00bb{}\u00a0\u00bb][et_pb_image src=\u00a0\u00bbhttp:\/\/www.cesaeng.com\/wp-content\/uploads\/2022\/07\/119UsinePhilippe001.jpg\u00a0\u00bb title_text=\u00a0\u00bbUsine Philippe\u00a0\u00bb _builder_version=\u00a0\u00bb4.17.3&Prime; _module_preset=\u00a0\u00bbdefault\u00a0\u00bb global_colors_info=\u00a0\u00bb{}\u00a0\u00bb][\/et_pb_image][\/et_pb_column][\/et_pb_row][et_pb_row column_structure=\u00a0\u00bb1_2,1_2&Prime; _builder_version=\u00a0\u00bb4.17.6&Prime; _module_preset=\u00a0\u00bbdefault\u00a0\u00bb background_color=\u00a0\u00bb#4378BC\u00a0\u00bb custom_padding=\u00a0\u00bb20px|20px|20px|20px|true|true\u00a0\u00bb global_colors_info=\u00a0\u00bb{}\u00a0\u00bb][et_pb_column type=\u00a0\u00bb1_2&Prime; _builder_version=\u00a0\u00bb4.17.3&Prime; _module_preset=\u00a0\u00bbdefault\u00a0\u00bb global_colors_info=\u00a0\u00bb{}\u00a0\u00bb][et_pb_image src=\u00a0\u00bbhttp:\/\/www.cesaeng.com\/wp-content\/uploads\/2022\/05\/Image_034.jpg\u00a0\u00bb title_text=\u00a0\u00bbImage_034&Prime; _builder_version=\u00a0\u00bb4.17.3&Prime; _module_preset=\u00a0\u00bbdefault\u00a0\u00bb global_colors_info=\u00a0\u00bb{}\u00a0\u00bb][\/et_pb_image][\/et_pb_column][et_pb_column type=\u00a0\u00bb1_2&Prime; _builder_version=\u00a0\u00bb4.17.3&Prime; _module_preset=\u00a0\u00bbdefault\u00a0\u00bb global_colors_info=\u00a0\u00bb{}\u00a0\u00bb][et_pb_text _builder_version=\u00a0\u00bb4.23.1&Prime; _module_preset=\u00a0\u00bbdefault\u00a0\u00bb text_text_color=\u00a0\u00bb#FFFFFF\u00a0\u00bb text_font_size=\u00a0\u00bb18px\u00a0\u00bb header_3_font=\u00a0\u00bb|600|||||||\u00a0\u00bb header_3_text_color=\u00a0\u00bb#FFFFFF\u00a0\u00bb header_3_font_size=\u00a0\u00bb26px\u00a0\u00bb hover_enabled=\u00a0\u00bb0&Prime; global_colors_info=\u00a0\u00bb{}\u00a0\u00bb sticky_enabled=\u00a0\u00bb0&Prime;]<\/p>\n<h3> Electricit\u00e9 <\/h3>\n<ul>\n<li>Production d\u2019\u00e9nergie \u00e9lectrique:<\/li>\n<ul>\n<li>Connection au r\u00e9seau national<\/li>\n<li>Centrale autonome (gaz, HFO, charbon\/petcoke)<\/li>\n<li>Centrale solaire<\/li>\n<\/ul>\n<li>Transformateurs HT\/MT<\/li>\n<li>Conception des r\u00e9seaux \u00e9lectrique MT \/ BT<\/li>\n<li>Distribution MT \/ BT<\/li>\n<li>Moteurs MT \/ BT<\/li>\n<li>Optimisation de la consommation \u00e9lectrique sp\u00e9cifique<\/li>\n<\/ul>\n<h3>Contr\u00f4le-commande<\/h3>\n<ul>\n<li>Conception architecture r\u00e9seau contr\u00f4le-commande (automate PCS, SCADA, serveurs)<\/li>\n<li>Instrumentation<\/li>\n<li>Interface contr\u00f4le-commande<\/li>\n<li>Syst\u00e8mes avanc\u00e9s de contr\u00f4le de qualit\u00e9<\/li>\n<li>Analyseurs en ligne et en laboratoire<\/li>\n<li>Logiciels de gestion de la production<\/li>\n<\/ul>\n<p>[\/et_pb_text][\/et_pb_column][\/et_pb_row][et_pb_row column_structure=\u00a0\u00bb1_2,1_2&Prime; _builder_version=\u00a0\u00bb4.17.3&Prime; _module_preset=\u00a0\u00bbdefault\u00a0\u00bb custom_padding=\u00a0\u00bb53px|||||\u00a0\u00bb global_colors_info=\u00a0\u00bb{}\u00a0\u00bb][et_pb_column type=\u00a0\u00bb1_2&Prime; _builder_version=\u00a0\u00bb4.17.3&Prime; _module_preset=\u00a0\u00bbdefault\u00a0\u00bb global_colors_info=\u00a0\u00bb{}\u00a0\u00bb][et_pb_text _builder_version=\u00a0\u00bb4.19.3&Prime; _module_preset=\u00a0\u00bbdefault\u00a0\u00bb text_text_color=\u00a0\u00bbgcid-16aa0501-eca9-41c9-bb3a-0c6e283a66cc\u00a0\u00bb text_font_size=\u00a0\u00bb18px\u00a0\u00bb header_3_font=\u00a0\u00bb|600|||||||\u00a0\u00bb header_3_text_color=\u00a0\u00bb#000000&Prime; header_3_font_size=\u00a0\u00bb26px\u00a0\u00bb global_colors_info=\u00a0\u00bb{%22gcid-16aa0501-eca9-41c9-bb3a-0c6e283a66cc%22:%91%22text_text_color%22%93}\u00a0\u00bb]<\/p>\n<h3>G\u00e9nie civil et structures m\u00e9talliques<\/h3>\n<ul>\n<li>Sondages, essais de laboratoire, et rapport g\u00e9otechnique des sols de fondation<\/li>\n<li>Optimisation et dimensionnement des types de fondation<\/li>\n<li>Plan de circulation de l\u2019usine<\/li>\n<li>Etude d\u2019ex\u00e9cution (g\u00e9nie civil et charpentes m\u00e9talliques)<\/li>\n<li>Sp\u00e9cifications techniques des mat\u00e9riaux<\/li>\n<li>Routes et voiries<\/li>\n<li>R\u00e9seaux d\u2019eaux: pluviales, industrielles, incendies, potables, et us\u00e9es<\/li>\n<li>Station d\u2019\u00e9puration et de traitement<\/li>\n<li>B\u00e2timents de services g\u00e9n\u00e9raux (bureaux, b\u00e2timents sociaux, ateliers de maintenance et magasins de pi\u00e8ces, etc.)<\/li>\n<\/ul>\n<p>[\/et_pb_text][\/et_pb_column][et_pb_column type=\u00a0\u00bb1_2&Prime; _builder_version=\u00a0\u00bb4.17.3&Prime; _module_preset=\u00a0\u00bbdefault\u00a0\u00bb global_colors_info=\u00a0\u00bb{}\u00a0\u00bb][et_pb_image src=\u00a0\u00bbhttp:\/\/www.cesaeng.com\/wp-content\/uploads\/2022\/07\/20_12_09_SilosCiments.jpg\u00a0\u00bb title_text=\u00a0\u00bbSilos Ciments\u00a0\u00bb _builder_version=\u00a0\u00bb4.17.3&Prime; _module_preset=\u00a0\u00bbdefault\u00a0\u00bb global_colors_info=\u00a0\u00bb{}\u00a0\u00bb][\/et_pb_image][\/et_pb_column][\/et_pb_row][\/et_pb_section]<\/p>\n","protected":false},"excerpt":{"rendered":"<p>INDEPENDENCE &#8211; WORLDWIDE EXPERTISEEtudes d\u2019ex\u00e9cutionCESA est sp\u00e9cialis\u00e9 dans la conception, la construction et la direction des projets d\u2019unit\u00e9s pour l\u2019industrie des mat\u00e9riaux de construction, et tout particuli\u00e8rement de cimenteries. Cela comprend entre autre les \u00e9tudes, le planning, les inspections en usines, la coordination et la direction de la construction, et la mise en route des [&hellip;]<\/p>\n","protected":false},"author":1,"featured_media":0,"parent":1479,"menu_order":0,"comment_status":"closed","ping_status":"closed","template":"","meta":{"_et_pb_use_builder":"on","_et_pb_old_content":"","_et_gb_content_width":"","footnotes":""},"_links":{"self":[{"href":"https:\/\/cesaeng.com\/fr\/wp-json\/wp\/v2\/pages\/1485"}],"collection":[{"href":"https:\/\/cesaeng.com\/fr\/wp-json\/wp\/v2\/pages"}],"about":[{"href":"https:\/\/cesaeng.com\/fr\/wp-json\/wp\/v2\/types\/page"}],"author":[{"embeddable":true,"href":"https:\/\/cesaeng.com\/fr\/wp-json\/wp\/v2\/users\/1"}],"replies":[{"embeddable":true,"href":"https:\/\/cesaeng.com\/fr\/wp-json\/wp\/v2\/comments?post=1485"}],"version-history":[{"count":27,"href":"https:\/\/cesaeng.com\/fr\/wp-json\/wp\/v2\/pages\/1485\/revisions"}],"predecessor-version":[{"id":2805,"href":"https:\/\/cesaeng.com\/fr\/wp-json\/wp\/v2\/pages\/1485\/revisions\/2805"}],"up":[{"embeddable":true,"href":"https:\/\/cesaeng.com\/fr\/wp-json\/wp\/v2\/pages\/1479"}],"wp:attachment":[{"href":"https:\/\/cesaeng.com\/fr\/wp-json\/wp\/v2\/media?parent=1485"}],"curies":[{"name":"wp","href":"https:\/\/api.w.org\/{rel}","templated":true}]}}