{"id":1492,"date":"2022-06-30T16:16:49","date_gmt":"2022-06-30T16:16:49","guid":{"rendered":"http:\/\/www.cesaeng.com\/prestations\/etude-de-faisabilite\/"},"modified":"2023-04-25T17:16:37","modified_gmt":"2023-04-25T17:16:37","slug":"etude-de-faisabilite","status":"publish","type":"page","link":"https:\/\/cesaeng.com\/fr\/prestations\/etude-de-faisabilite\/","title":{"rendered":"\u00c9tude de faisabilit\u00e9"},"content":{"rendered":"<p>[et_pb_section fb_built=\u00a0\u00bb1&Prime; custom_padding_last_edited=\u00a0\u00bbon|tablet\u00a0\u00bb admin_label=\u00a0\u00bbHeader\u00a0\u00bb _builder_version=\u00a0\u00bb4.17.6&Prime; _module_preset=\u00a0\u00bbdefault\u00a0\u00bb use_background_color_gradient=\u00a0\u00bbon\u00a0\u00bb background_color_gradient_type=\u00a0\u00bbelliptical\u00a0\u00bb background_color_gradient_direction_radial=\u00a0\u00bbbottom\u00a0\u00bb background_color_gradient_stops=\u00a0\u00bbrgba(255,255,255,0) 60%|rgba(96,141,224,0.65) 87%|rgba(0,27,86,0.7) 100%\u00a0\u00bb background_color_gradient_overlays_image=\u00a0\u00bbon\u00a0\u00bb background_color_gradient_start=\u00a0\u00bb#001b56&Prime; background_color_gradient_start_position=\u00a0\u00bb25%\u00a0\u00bb background_color_gradient_end=\u00a0\u00bbrgba(92,126,188,0.32)\u00a0\u00bb background_image=\u00a0\u00bbhttp:\/\/www.cesaeng.com\/wp-content\/uploads\/2022\/09\/scott-graham-5fNmWej4tAA-unsplash.jpg\u00a0\u00bb background_position=\u00a0\u00bbcenter_left\u00a0\u00bb width=\u00a0\u00bb100%\u00a0\u00bb custom_margin=\u00a0\u00bb||||false|false\u00a0\u00bb custom_margin_last_edited=\u00a0\u00bboff|tablet\u00a0\u00bb custom_padding=\u00a0\u00bb2px||0vw|0vw|false|false\u00a0\u00bb custom_padding_tablet=\u00a0\u00bb|10vw||10vw|false|true\u00a0\u00bb custom_padding_phone=\u00a0\u00bb\u00a0\u00bb da_disable_devices=\u00a0\u00bboff|off|off\u00a0\u00bb locked=\u00a0\u00bboff\u00a0\u00bb global_colors_info=\u00a0\u00bb{}\u00a0\u00bb da_is_popup=\u00a0\u00bboff\u00a0\u00bb da_exit_intent=\u00a0\u00bboff\u00a0\u00bb da_has_close=\u00a0\u00bbon\u00a0\u00bb da_alt_close=\u00a0\u00bboff\u00a0\u00bb da_dark_close=\u00a0\u00bboff\u00a0\u00bb da_not_modal=\u00a0\u00bbon\u00a0\u00bb da_is_singular=\u00a0\u00bboff\u00a0\u00bb da_with_loader=\u00a0\u00bboff\u00a0\u00bb da_has_shadow=\u00a0\u00bbon\u00a0\u00bb][et_pb_row use_custom_gutter=\u00a0\u00bbon\u00a0\u00bb gutter_width=\u00a0\u00bb1&Prime; _builder_version=\u00a0\u00bb4.20.2&Prime; _module_preset=\u00a0\u00bbdefault\u00a0\u00bb horizontal_offset=\u00a0\u00bb0px\u00a0\u00bb z_index=\u00a0\u00bb11&Prime; width=\u00a0\u00bb100%\u00a0\u00bb max_width=\u00a0\u00bb100%\u00a0\u00bb custom_margin=\u00a0\u00bb||17vw||false|false\u00a0\u00bb custom_padding=\u00a0\u00bb6px||6px|||\u00a0\u00bb hover_enabled=\u00a0\u00bb0&Prime; global_colors_info=\u00a0\u00bb{}\u00a0\u00bb background_enable_color=\u00a0\u00bboff\u00a0\u00bb sticky_enabled=\u00a0\u00bb0&Prime;][et_pb_column type=\u00a0\u00bb4_4&Prime; _builder_version=\u00a0\u00bb4.16&Prime; _module_preset=\u00a0\u00bbdefault\u00a0\u00bb global_colors_info=\u00a0\u00bb{}\u00a0\u00bb][\/et_pb_column][\/et_pb_row][et_pb_row use_custom_gutter=\u00a0\u00bbon\u00a0\u00bb gutter_width=\u00a0\u00bb1&Prime; _builder_version=\u00a0\u00bb4.20.2&Prime; _module_preset=\u00a0\u00bbdefault\u00a0\u00bb horizontal_offset=\u00a0\u00bb0px\u00a0\u00bb z_index=\u00a0\u00bb11&Prime; width=\u00a0\u00bb100%\u00a0\u00bb max_width=\u00a0\u00bb100%\u00a0\u00bb custom_padding=\u00a0\u00bb6px||6px|||\u00a0\u00bb hover_enabled=\u00a0\u00bb0&Prime; global_colors_info=\u00a0\u00bb{}\u00a0\u00bb background_enable_color=\u00a0\u00bboff\u00a0\u00bb sticky_enabled=\u00a0\u00bb0&Prime;][et_pb_column type=\u00a0\u00bb4_4&Prime; _builder_version=\u00a0\u00bb4.16&Prime; _module_preset=\u00a0\u00bbdefault\u00a0\u00bb global_colors_info=\u00a0\u00bb{}\u00a0\u00bb][\/et_pb_column][\/et_pb_row][\/et_pb_section][et_pb_section fb_built=\u00a0\u00bb1&Prime; custom_padding_last_edited=\u00a0\u00bbon|desktop\u00a0\u00bb admin_label=\u00a0\u00bbHeader\u00a0\u00bb _builder_version=\u00a0\u00bb4.19.3&Prime; _module_preset=\u00a0\u00bbdefault\u00a0\u00bb background_enable_image=\u00a0\u00bboff\u00a0\u00bb background_position=\u00a0\u00bbtop_center\u00a0\u00bb width=\u00a0\u00bb100%\u00a0\u00bb custom_margin=\u00a0\u00bb||||false|false\u00a0\u00bb custom_margin_last_edited=\u00a0\u00bboff|tablet\u00a0\u00bb custom_padding=\u00a0\u00bb2px||0vw|0vw|false|false\u00a0\u00bb custom_padding_tablet=\u00a0\u00bb|10vw||10vw|false|true\u00a0\u00bb custom_padding_phone=\u00a0\u00bb\u00a0\u00bb da_disable_devices=\u00a0\u00bboff|off|off\u00a0\u00bb locked=\u00a0\u00bboff\u00a0\u00bb global_colors_info=\u00a0\u00bb{}\u00a0\u00bb theme_builder_area=\u00a0\u00bbpost_content\u00a0\u00bb da_is_popup=\u00a0\u00bboff\u00a0\u00bb da_exit_intent=\u00a0\u00bboff\u00a0\u00bb da_has_close=\u00a0\u00bbon\u00a0\u00bb da_alt_close=\u00a0\u00bboff\u00a0\u00bb da_dark_close=\u00a0\u00bboff\u00a0\u00bb da_not_modal=\u00a0\u00bbon\u00a0\u00bb da_is_singular=\u00a0\u00bboff\u00a0\u00bb da_with_loader=\u00a0\u00bboff\u00a0\u00bb da_has_shadow=\u00a0\u00bbon\u00a0\u00bb][et_pb_row use_custom_gutter=\u00a0\u00bbon\u00a0\u00bb gutter_width=\u00a0\u00bb1&Prime; _builder_version=\u00a0\u00bb4.17.3&Prime; _module_preset=\u00a0\u00bbdefault\u00a0\u00bb background_color=\u00a0\u00bbrgba(255,255,255,0.46)\u00a0\u00bb horizontal_offset=\u00a0\u00bb0px\u00a0\u00bb z_index=\u00a0\u00bb11&Prime; width=\u00a0\u00bb100%\u00a0\u00bb max_width=\u00a0\u00bb100%\u00a0\u00bb custom_padding=\u00a0\u00bb19px||6px|||\u00a0\u00bb global_colors_info=\u00a0\u00bb{}\u00a0\u00bb theme_builder_area=\u00a0\u00bbpost_content\u00a0\u00bb][et_pb_column type=\u00a0\u00bb4_4&Prime; _builder_version=\u00a0\u00bb4.16&Prime; _module_preset=\u00a0\u00bbdefault\u00a0\u00bb global_colors_info=\u00a0\u00bb{}\u00a0\u00bb theme_builder_area=\u00a0\u00bbpost_content\u00a0\u00bb][et_pb_text _builder_version=\u00a0\u00bb4.20.2&Prime; _module_preset=\u00a0\u00bbdefault\u00a0\u00bb text_font=\u00a0\u00bbRaleway|600||on|||||\u00a0\u00bb text_text_color=\u00a0\u00bb#001b56&Prime; text_font_size=\u00a0\u00bb24px\u00a0\u00bb text_letter_spacing=\u00a0\u00bb1.5px\u00a0\u00bb text_orientation=\u00a0\u00bbcenter\u00a0\u00bb background_layout=\u00a0\u00bblight\u00a0\u00bb custom_margin=\u00a0\u00bb-13px||||false|false\u00a0\u00bb custom_margin_tablet=\u00a0\u00bb-13px||||false|false\u00a0\u00bb custom_margin_phone=\u00a0\u00bb-5px||||false|false\u00a0\u00bb custom_margin_last_edited=\u00a0\u00bbon|phone\u00a0\u00bb text_font_size_tablet=\u00a0\u00bb27px\u00a0\u00bb text_font_size_phone=\u00a0\u00bb13px\u00a0\u00bb text_font_size_last_edited=\u00a0\u00bbon|phone\u00a0\u00bb global_colors_info=\u00a0\u00bb{}\u00a0\u00bb theme_builder_area=\u00a0\u00bbpost_content\u00a0\u00bb]<\/p>\n<p>INDEPENDENCE &#8211; WORLDWIDE EXPERTISE<\/p>\n<p>[\/et_pb_text][et_pb_text _builder_version=\u00a0\u00bb4.20.2&Prime; _module_preset=\u00a0\u00bbdefault\u00a0\u00bb text_font=\u00a0\u00bbRaleway|||on|||||\u00a0\u00bb text_text_color=\u00a0\u00bb#001b56&Prime; text_font_size=\u00a0\u00bb38px\u00a0\u00bb text_letter_spacing=\u00a0\u00bb1.5px\u00a0\u00bb header_font_size=\u00a0\u00bb74px\u00a0\u00bb header_3_text_color=\u00a0\u00bb#2c449e\u00a0\u00bb header_3_font_size=\u00a0\u00bb35px\u00a0\u00bb header_3_line_height=\u00a0\u00bb1.8em\u00a0\u00bb text_orientation=\u00a0\u00bbcenter\u00a0\u00bb background_layout=\u00a0\u00bblight\u00a0\u00bb hover_enabled=\u00a0\u00bb0&Prime; text_font_size_tablet=\u00a0\u00bb27px\u00a0\u00bb text_font_size_phone=\u00a0\u00bb18px\u00a0\u00bb text_font_size_last_edited=\u00a0\u00bbon|phone\u00a0\u00bb global_colors_info=\u00a0\u00bb{}\u00a0\u00bb theme_builder_area=\u00a0\u00bbpost_content\u00a0\u00bb sticky_enabled=\u00a0\u00bb0&Prime;]<\/p>\n<h3><strong>\u00c9tude de faisabilit\u00e9<\/strong><\/h3>\n<p>[\/et_pb_text][\/et_pb_column][\/et_pb_row][\/et_pb_section][et_pb_section fb_built=\u00a0\u00bb1&Prime; _builder_version=\u00a0\u00bb4.17.3&Prime; _module_preset=\u00a0\u00bbdefault\u00a0\u00bb custom_padding=\u00a0\u00bb2px||6px|||\u00a0\u00bb da_disable_devices=\u00a0\u00bboff|off|off\u00a0\u00bb global_colors_info=\u00a0\u00bb{}\u00a0\u00bb da_is_popup=\u00a0\u00bboff\u00a0\u00bb da_exit_intent=\u00a0\u00bboff\u00a0\u00bb da_has_close=\u00a0\u00bbon\u00a0\u00bb da_alt_close=\u00a0\u00bboff\u00a0\u00bb da_dark_close=\u00a0\u00bboff\u00a0\u00bb da_not_modal=\u00a0\u00bbon\u00a0\u00bb da_is_singular=\u00a0\u00bboff\u00a0\u00bb da_with_loader=\u00a0\u00bboff\u00a0\u00bb da_has_shadow=\u00a0\u00bbon\u00a0\u00bb][et_pb_row _builder_version=\u00a0\u00bb4.17.3&Prime; _module_preset=\u00a0\u00bbdefault\u00a0\u00bb custom_padding=\u00a0\u00bb27px|||||\u00a0\u00bb global_colors_info=\u00a0\u00bb{}\u00a0\u00bb][et_pb_column type=\u00a0\u00bb4_4&Prime; _builder_version=\u00a0\u00bb4.17.3&Prime; _module_preset=\u00a0\u00bbdefault\u00a0\u00bb global_colors_info=\u00a0\u00bb{}\u00a0\u00bb][et_pb_text _builder_version=\u00a0\u00bb4.20.2&Prime; _module_preset=\u00a0\u00bbdefault\u00a0\u00bb text_text_color=\u00a0\u00bbgcid-16aa0501-eca9-41c9-bb3a-0c6e283a66cc\u00a0\u00bb text_font_size=\u00a0\u00bb18px\u00a0\u00bb header_3_font=\u00a0\u00bb|600|||||||\u00a0\u00bb header_3_text_color=\u00a0\u00bb#333333&Prime; header_3_font_size=\u00a0\u00bb26px\u00a0\u00bb custom_padding=\u00a0\u00bb||1px|||\u00a0\u00bb hover_enabled=\u00a0\u00bb0&Prime; text_line_height_tablet=\u00a0\u00bb\u00a0\u00bb text_line_height_phone=\u00a0\u00bb1.5em\u00a0\u00bb text_line_height_last_edited=\u00a0\u00bbon|phone\u00a0\u00bb global_colors_info=\u00a0\u00bb{%22gcid-16aa0501-eca9-41c9-bb3a-0c6e283a66cc%22:%91%22text_text_color%22%93}\u00a0\u00bb sticky_enabled=\u00a0\u00bb0&Prime;]<\/p>\n<p><strong>L\u2019\u00e9tude des mati\u00e8res premi\u00e8res<\/strong><\/p>\n<ul>\n<li><em>Recherche et estimation des ressources en termes de qualit\u00e9s et de quantit\u00e9s\u00a0:<\/em><\/li>\n<ul>\n<li>\u00c9tude bibliographique<\/li>\n<li>Visites des diff\u00e9rents sites<\/li>\n<li>D\u00e9finition des travaux d\u2019exploration compl\u00e9mentaires<\/li>\n<li>Estimation des qualit\u00e9s et quantit\u00e9s des diff\u00e9rentes ressources (dur\u00e9e de vie des gisements)<\/li>\n<\/ul>\n<li><em>Mod\u00e9lisation g\u00e9ologique 3D des gisements<\/em><\/li>\n<li><em>D\u00e9finition du m\u00e9lange du cru<\/em><\/li>\n<\/ul>\n<p><strong>L\u2019\u00e9tude g\u00e9otechnique pr\u00e9liminaire du site retenu pour l\u2019implantation de l\u2019usine<\/strong><\/p>\n<p><strong>L\u2019\u00e9tude du march\u00e9 :<\/strong><\/p>\n<ul>\n<li><em>March\u00e9 du ciment du pays concern\u00e9<\/em><\/li>\n<li><em>Historique de la consommation<\/em>\n<ul>\n<li>Situation actuelle\u00a0:\n<ul>\n<li>Types de ciment<\/li>\n<li>Segmentation g\u00e9ographique de la consommation<\/li>\n<li>Production \u2013 Importation \u2013 Exportation<\/li>\n<li>R\u00e9gime de taxation<\/li>\n<\/ul>\n<\/li>\n<li>\u00c9valuation \u00e9conomique\u00a0:\n<ul>\n<li>Produit int\u00e9rieur brut<\/li>\n<li>D\u00e9mographie<\/li>\n<li>Grands travaux<\/li>\n<\/ul>\n<\/li>\n<li>Historique des prix de vente<\/li>\n<li>Capacit\u00e9s actuelle et future<\/li>\n<li>Estimation actuelle et future du march\u00e9<\/li>\n<\/ul>\n<\/li>\n<li><em>March\u00e9 du ciment dans la r\u00e9gion<\/em>:\n<ul>\n<li>Historique et pr\u00e9vision de consommation et de capacit\u00e9<\/li>\n<li>Historique et pr\u00e9vision d\u2019importation et exportation<\/li>\n<li>Estimation du potentiel d\u2019exportation<\/li>\n<\/ul>\n<\/li>\n<li><em>Conclusion\u00a0:<\/em>\n<ul>\n<li>Pr\u00e9vision de ventes sur le march\u00e9 local<\/li>\n<li>Pr\u00e9vision de ventes \u00e0 l\u2019export<\/li>\n<\/ul>\n<\/li>\n<\/ul>\n<p><strong>L\u2019\u00e9tude technique :<\/strong><\/p>\n<ul>\n<li><em>Conditions locales<\/em>\n<ul>\n<li>Emplacement de l\u2019USINE et acc\u00e8s<\/li>\n<li>Conditions climatiques et sismiques<\/li>\n<li>Alimentation en eau<\/li>\n<li>Alimentation \u00e9lectrique<\/li>\n<li>Alimentation en combustibles<\/li>\n<li>Protection de l\u2019environnement<\/li>\n<\/ul>\n<\/li>\n<li><em>D\u00e9finitions du process de l\u2019usine<\/em>\n<ul>\n<li>Calcul des m\u00e9langes crus<\/li>\n<li>Capacit\u00e9 de production de l\u2019USINE et possibilit\u00e9s d\u2019extension<\/li>\n<li>D\u00e9finition de la qualit\u00e9 des ciments produits<\/li>\n<li>Etude et choix des process de fabrication<\/li>\n<li>Plan de masse de l\u2019USINE<\/li>\n<li>Sch\u00e9mas de flux des mati\u00e8res (Mass flow) et capacit\u00e9s de stockages<\/li>\n<li>Flowsheets\u00a0des ateliers<\/li>\n<li>Choix des combustibles et d\u00e9finition de leurs caract\u00e9ristiques<\/li>\n<\/ul>\n<\/li>\n<li><em>D\u00e9finition des \u00e9quipements de process<\/em>\n<ul>\n<li>Equipements et engins de carri\u00e8re<\/li>\n<li>Concassage primaire et secondaire<\/li>\n<li>Stockage des mati\u00e8res premi\u00e8res et des ajouts<\/li>\n<li>Broyage et homog\u00e9n\u00e9isation du cru<\/li>\n<li>Cuisson\u00a0: pr\u00e9chauffeur, four et refroidisseur<\/li>\n<li>D\u00e9poussi\u00e9rage principal<\/li>\n<li>Stockage et reprise du clinker<\/li>\n<li>Broyage et stockage ciment<\/li>\n<li>Ensachage, exp\u00e9dition<\/li>\n<li>Pr\u00e9paration du combustible (charbon, p\u00e9trole, gaz, alternatifs, etc.)<\/li>\n<li>Utilit\u00e9s de l\u2019USINE (eaux industrielles, air comprim\u00e9)<\/li>\n<\/ul>\n<\/li>\n<li><em>Electricit\u00e9 et Contr\u00f4le-commande<\/em>\n<ul>\n<li>D\u00e9finition des puissances et consommations \u00e9lectriques de l\u2019USINE<\/li>\n<li>Etablissement des sch\u00e9mas de principes \u00e9lectriques moyenne et basse tensions<\/li>\n<li>D\u00e9finition des principes du Contr\u00f4le-commande<\/li>\n<li>D\u00e9finition de la liaison de l\u2019USINE avec le r\u00e9seau ext\u00e9rieur \u00e9lectrique ou d\u2019une centrale sur SITE<\/li>\n<\/ul>\n<\/li>\n<li><em>G\u00e9nie civil<\/em>\n<ul>\n<li>Etude g\u00e9otechnique pr\u00e9liminaire du site retenu pour l\u2019implantation de l\u2019usine<\/li>\n<li>Implantation de l\u2019USINE, des carri\u00e8res et de leurs acc\u00e8s<\/li>\n<li>Plan de circulation dans l\u2019USINE<\/li>\n<li>Am\u00e9nagement de la plate-forme de l\u2019USINE (terrassements g\u00e9n\u00e9raux, nivellement, cl\u00f4ture, drainage)<\/li>\n<\/ul>\n<\/li>\n<li><em>Planning g\u00e9n\u00e9ral de r\u00e9alisation du PROJET<\/em>\n<ul>\n<li>Etudes<\/li>\n<li>Fabrications \u2013 Livraisons<\/li>\n<li>Travaux \u2013 Montage<\/li>\n<li>Tests et R\u00e9ceptions<\/li>\n<\/ul>\n<\/li>\n<\/ul>\n<p><strong>L\u2019\u00e9tude d&rsquo;impact environnemental et social (EIE):<\/strong><\/p>\n<ul>\n<li><em>Description du PROJET<\/em><\/li>\n<li><em>Informations de base<\/em><\/li>\n<li><em>Description de l&rsquo;environnement existant &#8211; la r\u00e9f\u00e9rence<\/em><\/li>\n<li><em>Pr\u00e9vision de l&rsquo;impact et \u00e9valuation des effets environnementaux significatifs<\/em><\/li>\n<li><em>Mesures d&rsquo;att\u00e9nuation<\/em><\/li>\n<\/ul>\n<ul><\/ul>\n<p><strong>L\u2019\u00e9tude financi\u00e8re :<\/strong><\/p>\n<ul>\n<li><em>La matrice r\u00e9capitulative du PROJET\u00a0:<\/em>\n<ul>\n<li>Budget d\u2019investissement<\/li>\n<li>Co\u00fbts de production (co\u00fbts variables et co\u00fbts fixes)<\/li>\n<li>Prix de vente<\/li>\n<li>Plan de financement<\/li>\n<\/ul>\n<\/li>\n<li><em>Le TRI (Taux de Rentabilit\u00e9 Interne) et le TRI sur fonds propres<\/em><\/li>\n<li><em>Le seuil de rentabilit\u00e9 (Break-Even Point)<\/em><\/li>\n<li><em>Des tableaux des divers \u00e9tats financiers couvrant la p\u00e9riode d\u2019exploitation consid\u00e9r\u00e9e de 20 ans\u00a0:<\/em>\n<ul>\n<li>Cash-flow pour la planification financi\u00e8re (pour le contr\u00f4le de la synchronisation des flux financiers)<\/li>\n<li>Compte de r\u00e9sultat net (tableau des recettes nettes)<\/li>\n<li>Bilans pr\u00e9visionnels<\/li>\n<\/ul>\n<\/li>\n<li><em>Le graphique des flux financiers<\/em><\/li>\n<li><em>Une analyse de sensibilit\u00e9 permettant d\u2019\u00e9valuer la variation de la valeur du taux de rentabilit\u00e9 interne, en fonction des diverses valeurs attribu\u00e9es aux param\u00e8tres suivants\u00a0: investissement total, prix de vente et co\u00fbt de fabrication<\/em><\/li>\n<li><em>L\u2019interpr\u00e9tation, les commentaires et les recommandations d\u00e9coulant des r\u00e9sultats obtenus des diverses simulations<\/em><\/li>\n<\/ul>\n<p>[\/et_pb_text][\/et_pb_column][\/et_pb_row][\/et_pb_section][et_pb_section fb_built=\u00a0\u00bb1&Prime; custom_padding_last_edited=\u00a0\u00bbon|phone\u00a0\u00bb _builder_version=\u00a0\u00bb4.16&Prime; background_color=\u00a0\u00bb#ffffff\u00a0\u00bb custom_margin=\u00a0\u00bb|||\u00a0\u00bb custom_padding=\u00a0\u00bb8px|0px|65px|0px||\u00a0\u00bb custom_padding_tablet=\u00a0\u00bb\u00a0\u00bb custom_padding_phone=\u00a0\u00bb|||\u00a0\u00bb da_disable_devices=\u00a0\u00bboff|off|off\u00a0\u00bb global_colors_info=\u00a0\u00bb{}\u00a0\u00bb da_is_popup=\u00a0\u00bboff\u00a0\u00bb da_exit_intent=\u00a0\u00bboff\u00a0\u00bb da_has_close=\u00a0\u00bbon\u00a0\u00bb da_alt_close=\u00a0\u00bboff\u00a0\u00bb da_dark_close=\u00a0\u00bboff\u00a0\u00bb da_not_modal=\u00a0\u00bbon\u00a0\u00bb da_is_singular=\u00a0\u00bboff\u00a0\u00bb da_with_loader=\u00a0\u00bboff\u00a0\u00bb da_has_shadow=\u00a0\u00bbon\u00a0\u00bb][\/et_pb_section]<\/p>\n","protected":false},"excerpt":{"rendered":"<p>INDEPENDENCE &#8211; WORLDWIDE EXPERTISE\u00c9tude de faisabilit\u00e9L\u2019\u00e9tude des mati\u00e8res premi\u00e8res Recherche et estimation des ressources en termes de qualit\u00e9s et de quantit\u00e9s\u00a0: \u00c9tude bibliographique Visites des diff\u00e9rents sites D\u00e9finition des travaux d\u2019exploration compl\u00e9mentaires Estimation des qualit\u00e9s et quantit\u00e9s des diff\u00e9rentes ressources (dur\u00e9e de vie des gisements) Mod\u00e9lisation g\u00e9ologique 3D des gisements D\u00e9finition du m\u00e9lange du cru [&hellip;]<\/p>\n","protected":false},"author":1,"featured_media":0,"parent":1479,"menu_order":0,"comment_status":"closed","ping_status":"closed","template":"","meta":{"_et_pb_use_builder":"on","_et_pb_old_content":"","_et_gb_content_width":"","footnotes":""},"_links":{"self":[{"href":"https:\/\/cesaeng.com\/fr\/wp-json\/wp\/v2\/pages\/1492"}],"collection":[{"href":"https:\/\/cesaeng.com\/fr\/wp-json\/wp\/v2\/pages"}],"about":[{"href":"https:\/\/cesaeng.com\/fr\/wp-json\/wp\/v2\/types\/page"}],"author":[{"embeddable":true,"href":"https:\/\/cesaeng.com\/fr\/wp-json\/wp\/v2\/users\/1"}],"replies":[{"embeddable":true,"href":"https:\/\/cesaeng.com\/fr\/wp-json\/wp\/v2\/comments?post=1492"}],"version-history":[{"count":17,"href":"https:\/\/cesaeng.com\/fr\/wp-json\/wp\/v2\/pages\/1492\/revisions"}],"predecessor-version":[{"id":2295,"href":"https:\/\/cesaeng.com\/fr\/wp-json\/wp\/v2\/pages\/1492\/revisions\/2295"}],"up":[{"embeddable":true,"href":"https:\/\/cesaeng.com\/fr\/wp-json\/wp\/v2\/pages\/1479"}],"wp:attachment":[{"href":"https:\/\/cesaeng.com\/fr\/wp-json\/wp\/v2\/media?parent=1492"}],"curies":[{"name":"wp","href":"https:\/\/api.w.org\/{rel}","templated":true}]}}