{"id":1501,"date":"2022-07-01T15:14:28","date_gmt":"2022-07-01T15:14:28","guid":{"rendered":"http:\/\/www.cesaeng.com\/emplois\/"},"modified":"2025-08-26T12:55:35","modified_gmt":"2025-08-26T12:55:35","slug":"emplois","status":"publish","type":"page","link":"https:\/\/cesaeng.com\/fr\/emplois\/","title":{"rendered":"Emplois"},"content":{"rendered":"<p>[et_pb_section fb_built=\u00a0\u00bb1&Prime; custom_padding_last_edited=\u00a0\u00bbon|tablet\u00a0\u00bb admin_label=\u00a0\u00bbHeader\u00a0\u00bb _builder_version=\u00a0\u00bb4.18.0&Prime; _module_preset=\u00a0\u00bbdefault\u00a0\u00bb use_background_color_gradient=\u00a0\u00bbon\u00a0\u00bb background_color_gradient_type=\u00a0\u00bbelliptical\u00a0\u00bb background_color_gradient_direction_radial=\u00a0\u00bbbottom\u00a0\u00bb background_color_gradient_stops=\u00a0\u00bbrgba(255,255,255,0) 37%|rgba(96,141,224,0.65) 54%|rgba(0,27,86,0.7) 78%\u00a0\u00bb background_color_gradient_overlays_image=\u00a0\u00bbon\u00a0\u00bb background_color_gradient_start=\u00a0\u00bb#001b56&Prime; background_color_gradient_start_position=\u00a0\u00bb25%\u00a0\u00bb background_color_gradient_end=\u00a0\u00bbrgba(92,126,188,0.32)\u00a0\u00bb background_image=\u00a0\u00bbhttp:\/\/www.cesaeng.com\/wp-content\/uploads\/2022\/07\/employment.jpg\u00a0\u00bb width=\u00a0\u00bb100%\u00a0\u00bb custom_margin=\u00a0\u00bb||||false|false\u00a0\u00bb custom_margin_last_edited=\u00a0\u00bboff|tablet\u00a0\u00bb custom_padding=\u00a0\u00bb2px||0vw|0vw|false|false\u00a0\u00bb custom_padding_tablet=\u00a0\u00bb|10vw||10vw|false|true\u00a0\u00bb custom_padding_phone=\u00a0\u00bb\u00a0\u00bb da_disable_devices=\u00a0\u00bboff|off|off\u00a0\u00bb locked=\u00a0\u00bboff\u00a0\u00bb global_colors_info=\u00a0\u00bb{}\u00a0\u00bb da_is_popup=\u00a0\u00bboff\u00a0\u00bb da_exit_intent=\u00a0\u00bboff\u00a0\u00bb da_has_close=\u00a0\u00bbon\u00a0\u00bb da_alt_close=\u00a0\u00bboff\u00a0\u00bb da_dark_close=\u00a0\u00bboff\u00a0\u00bb da_not_modal=\u00a0\u00bbon\u00a0\u00bb da_is_singular=\u00a0\u00bboff\u00a0\u00bb da_with_loader=\u00a0\u00bboff\u00a0\u00bb da_has_shadow=\u00a0\u00bbon\u00a0\u00bb][et_pb_row use_custom_gutter=\u00a0\u00bbon\u00a0\u00bb gutter_width=\u00a0\u00bb1&Prime; _builder_version=\u00a0\u00bb4.20.2&Prime; _module_preset=\u00a0\u00bbdefault\u00a0\u00bb background_enable_color=\u00a0\u00bboff\u00a0\u00bb horizontal_offset=\u00a0\u00bb0px\u00a0\u00bb z_index=\u00a0\u00bb11&Prime; width=\u00a0\u00bb100%\u00a0\u00bb max_width=\u00a0\u00bb100%\u00a0\u00bb custom_margin=\u00a0\u00bb||17vw||false|false\u00a0\u00bb custom_padding=\u00a0\u00bb6px||6px|||\u00a0\u00bb global_colors_info=\u00a0\u00bb{}\u00a0\u00bb][et_pb_column type=\u00a0\u00bb4_4&Prime; _builder_version=\u00a0\u00bb4.16&Prime; _module_preset=\u00a0\u00bbdefault\u00a0\u00bb global_colors_info=\u00a0\u00bb{}\u00a0\u00bb][\/et_pb_column][\/et_pb_row][et_pb_row use_custom_gutter=\u00a0\u00bbon\u00a0\u00bb gutter_width=\u00a0\u00bb1&Prime; _builder_version=\u00a0\u00bb4.20.2&Prime; _module_preset=\u00a0\u00bbdefault\u00a0\u00bb background_enable_color=\u00a0\u00bboff\u00a0\u00bb horizontal_offset=\u00a0\u00bb0px\u00a0\u00bb z_index=\u00a0\u00bb11&Prime; width=\u00a0\u00bb100%\u00a0\u00bb max_width=\u00a0\u00bb100%\u00a0\u00bb custom_padding=\u00a0\u00bb6px||6px|||\u00a0\u00bb global_colors_info=\u00a0\u00bb{}\u00a0\u00bb][et_pb_column type=\u00a0\u00bb4_4&Prime; _builder_version=\u00a0\u00bb4.16&Prime; _module_preset=\u00a0\u00bbdefault\u00a0\u00bb global_colors_info=\u00a0\u00bb{}\u00a0\u00bb][\/et_pb_column][\/et_pb_row][\/et_pb_section][et_pb_section fb_built=\u00a0\u00bb1&Prime; custom_padding_last_edited=\u00a0\u00bbon|desktop\u00a0\u00bb admin_label=\u00a0\u00bbHeader\u00a0\u00bb _builder_version=\u00a0\u00bb4.19.3&Prime; _module_preset=\u00a0\u00bbdefault\u00a0\u00bb background_enable_image=\u00a0\u00bboff\u00a0\u00bb background_position=\u00a0\u00bbtop_center\u00a0\u00bb width=\u00a0\u00bb100%\u00a0\u00bb custom_margin=\u00a0\u00bb||||false|false\u00a0\u00bb custom_margin_last_edited=\u00a0\u00bboff|tablet\u00a0\u00bb custom_padding=\u00a0\u00bb2px||0vw|0vw|false|false\u00a0\u00bb custom_padding_tablet=\u00a0\u00bb|10vw||10vw|false|true\u00a0\u00bb custom_padding_phone=\u00a0\u00bb\u00a0\u00bb da_disable_devices=\u00a0\u00bboff|off|off\u00a0\u00bb locked=\u00a0\u00bboff\u00a0\u00bb global_colors_info=\u00a0\u00bb{}\u00a0\u00bb da_is_popup=\u00a0\u00bboff\u00a0\u00bb da_exit_intent=\u00a0\u00bboff\u00a0\u00bb da_has_close=\u00a0\u00bbon\u00a0\u00bb da_alt_close=\u00a0\u00bboff\u00a0\u00bb da_dark_close=\u00a0\u00bboff\u00a0\u00bb da_not_modal=\u00a0\u00bbon\u00a0\u00bb da_is_singular=\u00a0\u00bboff\u00a0\u00bb da_with_loader=\u00a0\u00bboff\u00a0\u00bb da_has_shadow=\u00a0\u00bbon\u00a0\u00bb][et_pb_row use_custom_gutter=\u00a0\u00bbon\u00a0\u00bb gutter_width=\u00a0\u00bb1&Prime; _builder_version=\u00a0\u00bb4.17.3&Prime; _module_preset=\u00a0\u00bbdefault\u00a0\u00bb background_color=\u00a0\u00bbrgba(255,255,255,0.46)\u00a0\u00bb horizontal_offset=\u00a0\u00bb0px\u00a0\u00bb z_index=\u00a0\u00bb11&Prime; width=\u00a0\u00bb100%\u00a0\u00bb max_width=\u00a0\u00bb100%\u00a0\u00bb custom_padding=\u00a0\u00bb19px||6px|||\u00a0\u00bb global_colors_info=\u00a0\u00bb{}\u00a0\u00bb][et_pb_column type=\u00a0\u00bb4_4&Prime; _builder_version=\u00a0\u00bb4.16&Prime; _module_preset=\u00a0\u00bbdefault\u00a0\u00bb global_colors_info=\u00a0\u00bb{}\u00a0\u00bb][et_pb_text _builder_version=\u00a0\u00bb4.20.2&Prime; _module_preset=\u00a0\u00bbdefault\u00a0\u00bb text_font=\u00a0\u00bbRaleway|600||on|||||\u00a0\u00bb text_text_color=\u00a0\u00bb#001b56&Prime; text_font_size=\u00a0\u00bb24px\u00a0\u00bb text_letter_spacing=\u00a0\u00bb1.5px\u00a0\u00bb text_orientation=\u00a0\u00bbcenter\u00a0\u00bb background_layout=\u00a0\u00bblight\u00a0\u00bb custom_margin=\u00a0\u00bb-13px||||false|false\u00a0\u00bb custom_margin_tablet=\u00a0\u00bb-13px||||false|false\u00a0\u00bb custom_margin_phone=\u00a0\u00bb-5px||||false|false\u00a0\u00bb custom_margin_last_edited=\u00a0\u00bbon|phone\u00a0\u00bb text_font_size_tablet=\u00a0\u00bb27px\u00a0\u00bb text_font_size_phone=\u00a0\u00bb13px\u00a0\u00bb text_font_size_last_edited=\u00a0\u00bbon|phone\u00a0\u00bb global_colors_info=\u00a0\u00bb{}\u00a0\u00bb]<\/p>\n<p>INDEPENDENCE &#8211; WORLDWIDE EXPERTISE<\/p>\n<p>[\/et_pb_text][et_pb_text _builder_version=\u00a0\u00bb4.20.2&Prime; _module_preset=\u00a0\u00bbdefault\u00a0\u00bb text_font=\u00a0\u00bbRaleway|||on|||||\u00a0\u00bb text_text_color=\u00a0\u00bb#001b56&Prime; text_font_size=\u00a0\u00bb38px\u00a0\u00bb text_letter_spacing=\u00a0\u00bb1.5px\u00a0\u00bb header_font_size=\u00a0\u00bb74px\u00a0\u00bb header_3_text_color=\u00a0\u00bb#2c449e\u00a0\u00bb header_3_font_size=\u00a0\u00bb35px\u00a0\u00bb header_3_line_height=\u00a0\u00bb1.8em\u00a0\u00bb text_orientation=\u00a0\u00bbcenter\u00a0\u00bb background_layout=\u00a0\u00bblight\u00a0\u00bb text_font_size_tablet=\u00a0\u00bb27px\u00a0\u00bb text_font_size_phone=\u00a0\u00bb18px\u00a0\u00bb text_font_size_last_edited=\u00a0\u00bbon|phone\u00a0\u00bb global_colors_info=\u00a0\u00bb{}\u00a0\u00bb]<\/p>\n<h3><strong>EMPLOIS<\/strong><\/h3>\n<p>[\/et_pb_text][\/et_pb_column][\/et_pb_row][\/et_pb_section][et_pb_section fb_built=\u00a0\u00bb1&Prime; custom_padding_last_edited=\u00a0\u00bbon|phone\u00a0\u00bb _builder_version=\u00a0\u00bb4.16&Prime; background_color=\u00a0\u00bb#ffffff\u00a0\u00bb custom_margin=\u00a0\u00bb|||\u00a0\u00bb custom_padding=\u00a0\u00bb8px|0px|65px|0px||\u00a0\u00bb custom_padding_tablet=\u00a0\u00bb\u00a0\u00bb custom_padding_phone=\u00a0\u00bb|||\u00a0\u00bb da_disable_devices=\u00a0\u00bboff|off|off\u00a0\u00bb global_colors_info=\u00a0\u00bb{}\u00a0\u00bb da_is_popup=\u00a0\u00bboff\u00a0\u00bb da_exit_intent=\u00a0\u00bboff\u00a0\u00bb da_has_close=\u00a0\u00bbon\u00a0\u00bb da_alt_close=\u00a0\u00bboff\u00a0\u00bb da_dark_close=\u00a0\u00bboff\u00a0\u00bb da_not_modal=\u00a0\u00bbon\u00a0\u00bb da_is_singular=\u00a0\u00bboff\u00a0\u00bb da_with_loader=\u00a0\u00bboff\u00a0\u00bb da_has_shadow=\u00a0\u00bbon\u00a0\u00bb][et_pb_row _builder_version=\u00a0\u00bb4.17.3&Prime; _module_preset=\u00a0\u00bbdefault\u00a0\u00bb custom_margin=\u00a0\u00bb||50px||false|false\u00a0\u00bb custom_padding=\u00a0\u00bb||55px|||\u00a0\u00bb border_radii=\u00a0\u00bbon|1px|1px|1px|1px\u00a0\u00bb border_width_all=\u00a0\u00bb1px\u00a0\u00bb border_color_all=\u00a0\u00bb#dddddd\u00a0\u00bb box_shadow_style=\u00a0\u00bbpreset3&Prime; global_colors_info=\u00a0\u00bb{}\u00a0\u00bb][et_pb_column type=\u00a0\u00bb4_4&Prime; _builder_version=\u00a0\u00bb4.17.3&Prime; _module_preset=\u00a0\u00bbdefault\u00a0\u00bb global_colors_info=\u00a0\u00bb{}\u00a0\u00bb][et_pb_text _builder_version=\u00a0\u00bb4.23.1&Prime; _module_preset=\u00a0\u00bbdefault\u00a0\u00bb text_text_color=\u00a0\u00bbgcid-16aa0501-eca9-41c9-bb3a-0c6e283a66cc\u00a0\u00bb text_line_height=\u00a0\u00bb1.5em\u00a0\u00bb header_3_font=\u00a0\u00bb|600|||||||\u00a0\u00bb header_3_text_color=\u00a0\u00bb#000000&Prime; header_3_font_size=\u00a0\u00bb18px\u00a0\u00bb header_3_letter_spacing=\u00a0\u00bb1px\u00a0\u00bb header_3_line_height=\u00a0\u00bb1.2em\u00a0\u00bb custom_padding=\u00a0\u00bb|17px|0px|17px|false|true\u00a0\u00bb header_3_font_size_tablet=\u00a0\u00bb18px\u00a0\u00bb header_3_font_size_phone=\u00a0\u00bb17px\u00a0\u00bb header_3_font_size_last_edited=\u00a0\u00bbon|phone\u00a0\u00bb global_colors_info=\u00a0\u00bb{%22gcid-16aa0501-eca9-41c9-bb3a-0c6e283a66cc%22:%91%22text_text_color%22%93}\u00a0\u00bb]<\/p>\n<h3>ADJOINT AU DIRECTEUR USINE<\/h3>\n<p>Pour un de nos clients au B\u00e9nin, nous cherchons un adjoint au directeur d\u2019une cimenterie d&rsquo;une capacit\u00e9 d\u2019un million t\/an.  Ses responsabilit\u00e9s consistent \u00e0 seconder, et au besoin remplacer, le directeur en poste pour l\u2019ensemble des t\u00e2ches concern\u00e9es, en particulier:<\/p>\n<p style=\"padding-left: 40px;\">&#8211; Assurer la production continue de l\u2019usine<br \/>&#8211; Suivre et am\u00e9liorer les param\u00e8tres d\u2019exploitation<br \/>&#8211; D\u00e9finir les besoins en pi\u00e8ces d\u2019usure et de rechange<br \/>&#8211; Management du personnel<br \/>&#8211; Reporting \u00e0 la Direction G\u00e9n\u00e9rale<\/p>\n<p>Remarque: la gestion commerciale, financi\u00e8re et administrative de l\u2019unit\u00e9 est assur\u00e9e par la Direction G\u00e9n\u00e9rale.<\/p>\n<p>Le candidat doit imp\u00e9rativement disposer d&rsquo;un niveau d&rsquo;ing\u00e9nieur m\u00e9canicien ou \u00e9lectro-m\u00e9canicien, d&rsquo;une exp\u00e9rience de direction d\u2019usine (cimenterie) d&rsquo;au moins 10 ans, et poss\u00e9der un bon niveau de compr\u00e9hension et si possible de r\u00e9daction de la langue fran\u00e7aise.<\/p>\n<p>Le poste est \u00e0 pourvoir dans un d\u00e9lai de 3 \u00e0 6 mois et sera au b\u00e9n\u00e9fice d&rsquo;un contrat \u00ab expatri\u00e9 \u00bb \u00e0 dur\u00e9e ind\u00e9termin\u00e9e. La r\u00e9mun\u00e9ration est en devise et tous les frais locaux sont pris en charge (logement \u00e0 proximit\u00e9 de l\u2019usine, transport, nourriture et billet d&rsquo;avion).<\/p>\n<p>Veuillez envoyer votre candidature en fran\u00e7ais \u00e0  <a href=\"mailto:info@cesaeng.com\">info@cesaeng.com<\/a>.<\/p>\n<p>[\/et_pb_text][\/et_pb_column][\/et_pb_row][et_pb_row _builder_version=\u00a0\u00bb4.17.3&Prime; _module_preset=\u00a0\u00bbdefault\u00a0\u00bb custom_margin=\u00a0\u00bb||50px||false|false\u00a0\u00bb custom_padding=\u00a0\u00bb||55px|||\u00a0\u00bb border_radii=\u00a0\u00bbon|1px|1px|1px|1px\u00a0\u00bb border_width_all=\u00a0\u00bb1px\u00a0\u00bb border_color_all=\u00a0\u00bb#dddddd\u00a0\u00bb box_shadow_style=\u00a0\u00bbpreset3&Prime; global_colors_info=\u00a0\u00bb{}\u00a0\u00bb][et_pb_column type=\u00a0\u00bb4_4&Prime; _builder_version=\u00a0\u00bb4.17.3&Prime; _module_preset=\u00a0\u00bbdefault\u00a0\u00bb global_colors_info=\u00a0\u00bb{}\u00a0\u00bb][et_pb_text _builder_version=\u00a0\u00bb4.23.1&Prime; _module_preset=\u00a0\u00bbdefault\u00a0\u00bb text_text_color=\u00a0\u00bbgcid-16aa0501-eca9-41c9-bb3a-0c6e283a66cc\u00a0\u00bb text_line_height=\u00a0\u00bb1.5em\u00a0\u00bb header_3_font=\u00a0\u00bb|600|||||||\u00a0\u00bb header_3_text_color=\u00a0\u00bb#000000&Prime; header_3_font_size=\u00a0\u00bb18px\u00a0\u00bb header_3_letter_spacing=\u00a0\u00bb1px\u00a0\u00bb header_3_line_height=\u00a0\u00bb1.2em\u00a0\u00bb custom_padding=\u00a0\u00bb|17px|0px|17px|false|true\u00a0\u00bb header_3_font_size_tablet=\u00a0\u00bb18px\u00a0\u00bb header_3_font_size_phone=\u00a0\u00bb17px\u00a0\u00bb header_3_font_size_last_edited=\u00a0\u00bbon|phone\u00a0\u00bb global_colors_info=\u00a0\u00bb{%22gcid-16aa0501-eca9-41c9-bb3a-0c6e283a66cc%22:%91%22text_text_color%22%93}\u00a0\u00bb]<\/p>\n<h3>Directeur de Projet, Directeur de Travaux, Directeur de Travaux adjoint et Chef g\u00e9nie civil sur Site<\/h3>\n<p>pour diriger la construction d&rsquo;une nouvelle cimenterie au Nigeria.<\/p>\n<p>Vos responsabilit\u00e9s principales sont :<\/p>\n<p>Supervision de la construction de g\u00e9nie civile des entreprise clefs en main pour une nouvelle usine de cimenterie int\u00e9gr\u00e9e au Nigeria, y compris des installations d&rsquo;une centrale \u00e9lectrique.<\/p>\n<p>Vos qualifications et exp\u00e9rience :<\/p>\n<p style=\"padding-left: 40px;\">&#8211; Degr\u00e9 d&rsquo;universit\u00e9 dans l&rsquo;ing\u00e9nierie de g\u00e9nie civil<\/p>\n<p>&#8211; Expert en mati\u00e8re de gestion de grands projets d&rsquo;investissement<\/p>\n<p>&#8211; Une large exp\u00e9rience de conception des installations industrielle et\/ou de construction de cimenterie<\/p>\n<p>&#8211; Excellentes qualit\u00e9 de n\u00e9gociateur en Anglais.<\/p>\n<p>Le travail exige de s\u2019installer sur place. La compr\u00e9hension d&rsquo;autres cultures de m\u00eame que de r\u00e9flexions strat\u00e9gique et conceptuelle sont exig\u00e9s. Nous offrons une t\u00e2che dans un environnement international et des conditions favorables d&#8217;emploi. Si vous \u00eates int\u00e9ress\u00e9 par cette position, envoyez svp vos documents complets de candidature par e-mail \u00e0 <a href=\"mailto:info@cesaeng.com\">info@cesaeng.com<\/a>.<\/p>\n<p>[\/et_pb_text][\/et_pb_column][\/et_pb_row][et_pb_row _builder_version=\u00a0\u00bb4.18.0&Prime; _module_preset=\u00a0\u00bbdefault\u00a0\u00bb background_color=\u00a0\u00bb#4378BC\u00a0\u00bb custom_margin=\u00a0\u00bb||52px||false|false\u00a0\u00bb custom_padding=\u00a0\u00bb|17px||17px|false|true\u00a0\u00bb box_shadow_style=\u00a0\u00bbpreset3&Prime; global_colors_info=\u00a0\u00bb{}\u00a0\u00bb][et_pb_column type=\u00a0\u00bb4_4&Prime; _builder_version=\u00a0\u00bb4.17.3&Prime; _module_preset=\u00a0\u00bbdefault\u00a0\u00bb global_colors_info=\u00a0\u00bb{}\u00a0\u00bb][et_pb_text _builder_version=\u00a0\u00bb4.23.1&Prime; _module_preset=\u00a0\u00bbdefault\u00a0\u00bb text_text_color=\u00a0\u00bb#FFFFFF\u00a0\u00bb text_line_height=\u00a0\u00bb1.5em\u00a0\u00bb header_text_color=\u00a0\u00bb#FFFFFF\u00a0\u00bb header_3_font=\u00a0\u00bb|600|||||||\u00a0\u00bb header_3_text_color=\u00a0\u00bb#FFFFFF\u00a0\u00bb header_3_font_size=\u00a0\u00bb18px\u00a0\u00bb header_3_letter_spacing=\u00a0\u00bb1px\u00a0\u00bb header_3_line_height=\u00a0\u00bb1.2em\u00a0\u00bb custom_padding=\u00a0\u00bb|17px|0px|17px|false|true\u00a0\u00bb header_3_font_size_tablet=\u00a0\u00bb18px\u00a0\u00bb header_3_font_size_phone=\u00a0\u00bb17px\u00a0\u00bb header_3_font_size_last_edited=\u00a0\u00bbon|phone\u00a0\u00bb global_colors_info=\u00a0\u00bb{}\u00a0\u00bb]<\/p>\n<h3>Chefs de Projet Senior<\/h3>\n<p>Pour notre bureau bas\u00e9 en Suisse nous recherchons Chefs de Projet Senior<\/p>\n<p>Votre responsabilit\u00e9 principale est de contribuer aux activit\u00e9s de gestion des projets en d\u00e9finissant, en pr\u00e9voyant et en r\u00e9alisant des projets d&rsquo;investissement. Ceci inclut des \u00e9tudes de faisabilit\u00e9, des \u00e9valuations techniques et financi\u00e8res, technologie de base, des documents de licitation, administration globale de projet, mise en service et des tests de performance.<\/p>\n<p>Vos qualifications et exp\u00e9rience<\/p>\n<p style=\"padding-left: 40px;\">&#8211; Dipl\u00f4me EPF, HES ou autre formation \u00e9quivalente.<br \/>\n&#8211; 3-5 ans d&rsquo;exp\u00e9riences professionnelles d&rsquo;industrie du ciment et des op\u00e9rations d&rsquo;usine de ciment<br \/>\n&#8211; Expert en mati\u00e8re de gestion de grands projets d&rsquo;investissement<br \/>\n&#8211; Exp\u00e9rience professionnelle dans la gestion de construction dans l&rsquo;industrie cimenti\u00e8re<br \/>\n&#8211; Une large exp\u00e9rience de conception des installations et\/ou de construction<br \/>\n&#8211; La connaissance des outils financiers pour \u00e9valuer des projets d&rsquo;investissement<br \/>\n&#8211; Excellentes qualifications de n\u00e9gociation en anglais et, au minimum, ma\u00eetrise d&rsquo;une deuxi\u00e8me langue europ\u00e9enne (Allemand, Fran\u00e7ais ou Espagnol)<\/p>\n<p>Le travail implique des voyages fr\u00e9quents \u00e0 l&rsquo;\u00e9tranger (appr. 40-60%).<br \/>\nVous devez \u00eatre ouvert de t\u00e2ches provisoires d&#8217;emplacement en dehors de la Suisse. Excellentes qualifications de communication aussi bien que la pens\u00e9e strat\u00e9gique et conceptuelle sont exig\u00e9es. Nous offrons une t\u00e2che dans un environnement international avec bonnes occasions de d\u00e9veloppements professionnels et conditions favorables d&#8217;emploi. Si vous \u00eates int\u00e9ress\u00e9 par cette position, adressez svp vos documents complets d&rsquo;application par email \u00e0 <a style=\"color: white;\" href=\"mailto:info@cesaeng.com\">info@cesaeng.com<\/a>.[\/et_pb_text][\/et_pb_column][\/et_pb_row][et_pb_row _builder_version=\u00a0\u00bb4.17.3&Prime; _module_preset=\u00a0\u00bbdefault\u00a0\u00bb custom_margin=\u00a0\u00bb||50px||false|false\u00a0\u00bb custom_padding=\u00a0\u00bb53px||55px|||\u00a0\u00bb border_radii=\u00a0\u00bbon|1px|1px|1px|1px\u00a0\u00bb border_width_all=\u00a0\u00bb1px\u00a0\u00bb border_color_all=\u00a0\u00bb#dddddd\u00a0\u00bb box_shadow_style=\u00a0\u00bbpreset3&Prime; global_colors_info=\u00a0\u00bb{}\u00a0\u00bb][et_pb_column type=\u00a0\u00bb4_4&Prime; _builder_version=\u00a0\u00bb4.17.3&Prime; _module_preset=\u00a0\u00bbdefault\u00a0\u00bb global_colors_info=\u00a0\u00bb{}\u00a0\u00bb][et_pb_text _builder_version=\u00a0\u00bb4.23.1&Prime; _module_preset=\u00a0\u00bbdefault\u00a0\u00bb text_text_color=\u00a0\u00bbgcid-16aa0501-eca9-41c9-bb3a-0c6e283a66cc\u00a0\u00bb text_line_height=\u00a0\u00bb1.5em\u00a0\u00bb header_3_font=\u00a0\u00bb|600|||||||\u00a0\u00bb header_3_text_color=\u00a0\u00bb#000000&Prime; header_3_font_size=\u00a0\u00bb18px\u00a0\u00bb header_3_letter_spacing=\u00a0\u00bb1px\u00a0\u00bb header_3_line_height=\u00a0\u00bb1.2em\u00a0\u00bb custom_padding=\u00a0\u00bb|17px|0px|17px|false|true\u00a0\u00bb header_3_font_size_tablet=\u00a0\u00bb18px\u00a0\u00bb header_3_font_size_phone=\u00a0\u00bb17px\u00a0\u00bb header_3_font_size_last_edited=\u00a0\u00bbon|phone\u00a0\u00bb global_colors_info=\u00a0\u00bb{%22gcid-16aa0501-eca9-41c9-bb3a-0c6e283a66cc%22:%91%22text_text_color%22,%22text_text_color%22%93}\u00a0\u00bb]<\/p>\n<h3>Ing\u00e9nieur \u00e9lectrique \/ instrumentation<\/h3>\n<p>Pour notre bureau bas\u00e9 en Suisse nous recherchons un Ing\u00e9nieur \u00e9lectrique principal (m\/f) pour g\u00e9rer des projets dans le domaine de la distribution d&rsquo;\u00e9nergie, commandes et de l&rsquo;automation de processus.<\/p>\n<p>Vos responsabilit\u00e9s principales seront :<\/p>\n<p style=\"padding-left: 40px;\">&#8211; Ex\u00e9cuter les projets \u00e9lectriques et assurer leur accomplissement au niveau de qualit\u00e9 d\u00e9sir\u00e9, \u00e0 temps et budget<br \/>&#8211; D\u00e9velopper les concepts et ex\u00e9cuter la technologie de base<br \/>&#8211; Pr\u00e9parer les sp\u00e9cifications techniques et d&rsquo;autres documents pour la soumission et les \u00e9valuations<br \/>&#8211; Coordonner entre les clients et les fournisseurs<br \/>&#8211; Diriger les contr\u00f4les de r\u00e9ception, la mise en service et le d\u00e9marrage<\/p>\n<p>Vos qualifications et exp\u00e9rience :<\/p>\n<p style=\"padding-left: 40px;\">&#8211; Degr\u00e9 d&rsquo;universit\u00e9 dans la ing\u00e9nierie \u00e9lectrique\/\u00e9lectronique,<br \/>&#8211; Exp\u00e9rience en gestion des projets dans le champ \u00e9lectrique (automation, control commandes, distribution d&rsquo;\u00e9nergie), gagn\u00e9 dans une usine ou un bureau de technologie<br \/>&#8211; La connaissance du secteur d&rsquo;industrie lourd<br \/>&#8211; Excellentes qualifications de n\u00e9gociation en Anglais ou Fran\u00e7ais et, au minimum, la ma\u00eetrise d&rsquo;une deuxi\u00e8me langue ont pu \u00eatre d&rsquo;avantage, selon le projet sp\u00e9cifique.<\/p>\n<p>Le travail implique le voyage fr\u00e9quent \u00e0 l&rsquo;\u00e9tranger (approx. 40-60%). Excellentes qualifications de communication aussi bien que la pens\u00e9e strat\u00e9gique et conceptuelle sont exig\u00e9s. Nous offrons une t\u00e2che dans un environnement international avec de bonnes occasions de d\u00e9veloppement de la vie professionnelle et conditions favorables d&#8217;emploi.<\/p>\n<p>Si vous \u00eates int\u00e9ress\u00e9 par cette position, adressez svp vos documents complets d&rsquo;application par email \u00e0<br \/><a href=\"mailto:info@cesaeng.com\">info@cesaeng.com<\/a>.<\/p>\n<p>[\/et_pb_text][\/et_pb_column][\/et_pb_row][\/et_pb_section]<\/p>\n","protected":false},"excerpt":{"rendered":"<p>INDEPENDENCE &#8211; WORLDWIDE EXPERTISEEMPLOISADJOINT AU DIRECTEUR USINE Pour un de nos clients au B\u00e9nin, nous cherchons un adjoint au directeur d\u2019une cimenterie d&rsquo;une capacit\u00e9 d\u2019un million t\/an. Ses responsabilit\u00e9s consistent \u00e0 seconder, et au besoin remplacer, le directeur en poste pour l\u2019ensemble des t\u00e2ches concern\u00e9es, en particulier: &#8211; Assurer la production continue de l\u2019usine- Suivre [&hellip;]<\/p>\n","protected":false},"author":1,"featured_media":0,"parent":0,"menu_order":0,"comment_status":"closed","ping_status":"closed","template":"","meta":{"_et_pb_use_builder":"on","_et_pb_old_content":"","_et_gb_content_width":"","footnotes":""},"_links":{"self":[{"href":"https:\/\/cesaeng.com\/fr\/wp-json\/wp\/v2\/pages\/1501"}],"collection":[{"href":"https:\/\/cesaeng.com\/fr\/wp-json\/wp\/v2\/pages"}],"about":[{"href":"https:\/\/cesaeng.com\/fr\/wp-json\/wp\/v2\/types\/page"}],"author":[{"embeddable":true,"href":"https:\/\/cesaeng.com\/fr\/wp-json\/wp\/v2\/users\/1"}],"replies":[{"embeddable":true,"href":"https:\/\/cesaeng.com\/fr\/wp-json\/wp\/v2\/comments?post=1501"}],"version-history":[{"count":24,"href":"https:\/\/cesaeng.com\/fr\/wp-json\/wp\/v2\/pages\/1501\/revisions"}],"predecessor-version":[{"id":2948,"href":"https:\/\/cesaeng.com\/fr\/wp-json\/wp\/v2\/pages\/1501\/revisions\/2948"}],"wp:attachment":[{"href":"https:\/\/cesaeng.com\/fr\/wp-json\/wp\/v2\/media?parent=1501"}],"curies":[{"name":"wp","href":"https:\/\/api.w.org\/{rel}","templated":true}]}}